{"id":11,"date":"2024-02-15T12:56:41","date_gmt":"2024-02-15T11:56:41","guid":{"rendered":"https:\/\/www.coeuretvie.org\/?page_id=11"},"modified":"2025-07-21T12:57:55","modified_gmt":"2025-07-21T11:57:55","slug":"about","status":"publish","type":"page","link":"https:\/\/www.coeuretvie.org\/index.php\/about\/","title":{"rendered":"About us"},"content":{"rendered":"\n<h2 class=\"wp-block-heading has-medium-font-size\" id=\"inspiro-is-a-digital-product-agency-that-focuses-on-strategy-and-design\" style=\"font-style:normal;font-weight:100;text-transform:none\">Notre vision<\/h2>\n\n\n\n<h2 class=\"wp-block-heading has-small-font-size\" id=\"inspiro-is-a-digital-product-agency-that-focuses-on-strategy-and-design\" style=\"font-style:normal;font-weight:100;text-transform:none\">La prise en charge des maladies cardio-vasculaires pour r\u00e9duirela mortalit\u00e9.<\/h2>\n\n\n\n<p class=\"has-medium-font-size\">Notre mission <\/p>\n\n\n\n<p class=\"has-small-font-size\">Promouvoir le partage des connaissances et des bonnes pratiques dans le d\u00e9pistage et la prise en charge des maladies cardio-vasculaires<\/p>\n\n\n\n<p><\/p>\n\n\n\n<div style=\"height:37px\" aria-hidden=\"true\" class=\"wp-block-spacer\"><\/div>\n\n\n\n<h2 class=\"wp-block-heading\">Nos programmes<\/h2>\n\n\n\n<div class=\"wp-block-columns alignwide is-layout-flex wp-container-core-columns-layout-1 wp-block-columns-is-layout-flex\">\n<div class=\"wp-block-column is-layout-flow wp-block-column-is-layout-flow\">\n<figure class=\"wp-block-image size-large\"><img loading=\"lazy\" decoding=\"async\" width=\"1024\" height=\"683\" src=\"https:\/\/www.coeuretvie.org\/wp-content\/uploads\/2024\/02\/IMG_1660-1024x683.jpg\" alt=\"\" class=\"wp-image-38\" style=\"aspect-ratio:3\/2;object-fit:cover\" srcset=\"https:\/\/www.coeuretvie.org\/wp-content\/uploads\/2024\/02\/IMG_1660-1024x683.jpg 1024w, https:\/\/www.coeuretvie.org\/wp-content\/uploads\/2024\/02\/IMG_1660-300x200.jpg 300w, https:\/\/www.coeuretvie.org\/wp-content\/uploads\/2024\/02\/IMG_1660-2000x1333.jpg 2000w, https:\/\/www.coeuretvie.org\/wp-content\/uploads\/2024\/02\/IMG_1660-scaled-1536x1024.jpg 1536w, https:\/\/www.coeuretvie.org\/wp-content\/uploads\/2024\/02\/IMG_1660-scaled-2048x1366.jpg 2048w, https:\/\/www.coeuretvie.org\/wp-content\/uploads\/2024\/02\/IMG_1660-scaled-600x400.jpg 600w, https:\/\/www.coeuretvie.org\/wp-content\/uploads\/2024\/02\/IMG_1660-scaled-1200x800.jpg 1200w\" sizes=\"(max-width: 1024px) 100vw, 1024px\" \/><\/figure>\n\n\n\n<p class=\"has-secondary-color has-text-color has-medium-font-size\"><strong>Coeur et Vie &#8211; Grand public<\/strong><\/p>\n\n\n\n<p class=\"has-text-color\" style=\"color:#7a7a7a\">Ce programme a pour but de sensibiliser et d\u00e9pister les maladies cardiovasculaires (MCV) \u00e0 travers les campagnes de sant\u00e9 grand public (communaut\u00e9s, march\u00e9s&#8230;)    <\/p>\n<\/div>\n\n\n\n<div class=\"wp-block-column is-layout-flow wp-block-column-is-layout-flow\">\n<figure class=\"wp-block-image size-full\"><img loading=\"lazy\" decoding=\"async\" width=\"644\" height=\"422\" src=\"https:\/\/www.coeuretvie.org\/wp-content\/uploads\/2024\/02\/Fomation-Yaounde.jpg\" alt=\"\" class=\"wp-image-348\" style=\"aspect-ratio:3\/2;object-fit:cover\" srcset=\"https:\/\/www.coeuretvie.org\/wp-content\/uploads\/2024\/02\/Fomation-Yaounde.jpg 644w, https:\/\/www.coeuretvie.org\/wp-content\/uploads\/2024\/02\/Fomation-Yaounde-300x197.jpg 300w\" sizes=\"(max-width: 644px) 100vw, 644px\" \/><\/figure>\n\n\n\n<p class=\"has-secondary-color has-text-color has-medium-font-size\"><strong>Coeur et Vie &#8211; Formation<\/strong><\/p>\n\n\n\n<p class=\"has-text-color\" style=\"color:#7a7a7a\">Soucieux de la meilleure prise en charge des patients souffrants des MCV, nous contribuons au renforcement des capacit\u00e9s du personnel m\u00e9dical<\/p>\n<\/div>\n\n\n\n<div class=\"wp-block-column is-layout-flow wp-block-column-is-layout-flow\">\n<figure class=\"wp-block-image size-large\"><img loading=\"lazy\" decoding=\"async\" width=\"1024\" height=\"682\" src=\"https:\/\/www.coeuretvie.org\/wp-content\/uploads\/2024\/02\/280242254_2058171327675679_7348002347303582378_n-1024x682.jpg\" alt=\"\" class=\"wp-image-39\" style=\"aspect-ratio:3\/2;object-fit:cover\" srcset=\"https:\/\/www.coeuretvie.org\/wp-content\/uploads\/2024\/02\/280242254_2058171327675679_7348002347303582378_n-1024x682.jpg 1024w, https:\/\/www.coeuretvie.org\/wp-content\/uploads\/2024\/02\/280242254_2058171327675679_7348002347303582378_n-300x200.jpg 300w, https:\/\/www.coeuretvie.org\/wp-content\/uploads\/2024\/02\/280242254_2058171327675679_7348002347303582378_n.jpg 1280w\" sizes=\"(max-width: 1024px) 100vw, 1024px\" \/><\/figure>\n\n\n\n<p class=\"has-secondary-color has-text-color has-medium-font-size\"><strong>Coeur et Vie &#8211; Entreprise<\/strong><\/p>\n\n\n\n<p class=\"has-text-color\" style=\"color:#7a7a7a\">Parce que la sant\u00e9 de chaque camerounais nous pr\u00e9occupe, nous accompagnons les entreprises dans leurs projets de sant\u00e9 et dans la lutte contre les MCV en entreprise<\/p>\n<\/div>\n<\/div>\n\n\n\n<div class=\"wp-block-columns alignwide is-layout-flex wp-container-core-columns-layout-2 wp-block-columns-is-layout-flex\">\n<div class=\"wp-block-column is-layout-flow wp-block-column-is-layout-flow\">\n<figure class=\"wp-block-image size-large\"><img loading=\"lazy\" decoding=\"async\" width=\"1024\" height=\"683\" src=\"https:\/\/www.coeuretvie.org\/wp-content\/uploads\/2024\/02\/310674686_2172936126199198_4143553547537832502_n-1024x683.jpg\" alt=\"\" class=\"wp-image-57\" style=\"aspect-ratio:3\/2;object-fit:cover\" srcset=\"https:\/\/www.coeuretvie.org\/wp-content\/uploads\/2024\/02\/310674686_2172936126199198_4143553547537832502_n-1024x683.jpg 1024w, https:\/\/www.coeuretvie.org\/wp-content\/uploads\/2024\/02\/310674686_2172936126199198_4143553547537832502_n-300x200.jpg 300w, https:\/\/www.coeuretvie.org\/wp-content\/uploads\/2024\/02\/310674686_2172936126199198_4143553547537832502_n.jpg 1080w\" sizes=\"(max-width: 1024px) 100vw, 1024px\" \/><\/figure>\n\n\n\n<p class=\"has-secondary-color has-text-color has-medium-font-size\"><strong>Coeur et Vie &#8211; Sport<\/strong><\/p>\n\n\n\n<p class=\"has-text-color\" style=\"color:#7a7a7a\">Le sport un maillon important dans la lutte contre les MCV, nous visons \u00e0 combattre la s\u00e9dentarit\u00e9 de plus en plus croissante au sein de la population camerounaise <\/p>\n<\/div>\n\n\n\n<div class=\"wp-block-column is-layout-flow wp-block-column-is-layout-flow\">\n<figure class=\"wp-block-image size-large\"><img loading=\"lazy\" decoding=\"async\" width=\"1024\" height=\"683\" src=\"https:\/\/www.coeuretvie.org\/wp-content\/uploads\/2024\/02\/image00022-1-1024x683.jpg\" alt=\"\" class=\"wp-image-58\" style=\"aspect-ratio:3\/2;object-fit:cover\" srcset=\"https:\/\/www.coeuretvie.org\/wp-content\/uploads\/2024\/02\/image00022-1-1024x683.jpg 1024w, https:\/\/www.coeuretvie.org\/wp-content\/uploads\/2024\/02\/image00022-1-300x200.jpg 300w, https:\/\/www.coeuretvie.org\/wp-content\/uploads\/2024\/02\/image00022-1-2000x1333.jpg 2000w\" sizes=\"(max-width: 1024px) 100vw, 1024px\" \/><\/figure>\n\n\n\n<p class=\"has-secondary-color has-text-color has-medium-font-size\"><strong>Coeur et Vie &#8211; Recherche<\/strong><\/p>\n\n\n\n<p class=\"has-text-color\" style=\"color:#7a7a7a\">Nous proposons des solutions dans la lutte contre les MCV sur la base des recherches scientifiques men\u00e9es au niveau national, et nous promouvons la recherche scientifique<\/p>\n<\/div>\n\n\n\n<div class=\"wp-block-column is-layout-flow wp-block-column-is-layout-flow\">\n<figure class=\"wp-block-image size-full is-resized\"><img loading=\"lazy\" decoding=\"async\" width=\"1280\" height=\"720\" src=\"https:\/\/www.coeuretvie.org\/wp-content\/uploads\/2024\/02\/ECOLE-FOCEV.png\" alt=\"\" class=\"wp-image-63\" style=\"aspect-ratio:3\/2;object-fit:cover;width:373px;height:auto\" srcset=\"https:\/\/www.coeuretvie.org\/wp-content\/uploads\/2024\/02\/ECOLE-FOCEV.png 1280w, https:\/\/www.coeuretvie.org\/wp-content\/uploads\/2024\/02\/ECOLE-FOCEV-300x169.png 300w, https:\/\/www.coeuretvie.org\/wp-content\/uploads\/2024\/02\/ECOLE-FOCEV-1024x576.png 1024w\" sizes=\"(max-width: 1280px) 100vw, 1280px\" \/><\/figure>\n\n\n\n<p class=\"has-secondary-color has-text-color has-medium-font-size\"><strong>Coeur et Vie &#8211; Ecole<\/strong><\/p>\n\n\n\n<p class=\"has-text-color\" style=\"color:#7a7a7a\">Nous encourageons la pr\u00e9vention primordiale des MCV \u00e0 travers la cr\u00e9ation des clubs sant\u00e9 et la lutte contre les dangers sanitaires en milieu scolaire (tabagisme, ob\u00e9sit\u00e9, alcoolisme&#8230;)  <\/p>\n<\/div>\n<\/div>\n\n\n\n<div class=\"wp-block-group has-global-padding is-layout-constrained wp-block-group-is-layout-constrained wp-container-1 is-position-sticky\">\n<div class=\"wp-block-columns is-layout-flex wp-container-core-columns-layout-3 wp-block-columns-is-layout-flex\">\n<div class=\"wp-block-column is-layout-flow wp-block-column-is-layout-flow\" style=\"flex-basis:100%\"><\/div>\n<\/div>\n<\/div>\n\n\n\n<p><\/p>\n","protected":false},"excerpt":{"rendered":"<p>Notre vision La prise en charge des maladies cardio-vasculaires pour r\u00e9duirela mortalit\u00e9. Notre mission Promouvoir le partage des connaissances et des bonnes pratiques dans le d\u00e9pistage et la prise en charge des maladies cardio-vasculaires Nos programmes Coeur et Vie &#8211; Grand public Ce programme a pour but de sensibiliser et d\u00e9pister les maladies cardiovasculaires (MCV) &hellip; <\/p>\n<p class=\"link-more\"><a href=\"https:\/\/www.coeuretvie.org\/index.php\/about\/\" class=\"more-link\">Lire la suite de<span class=\"screen-reader-text\">\u00ab\u00a0About us\u00a0\u00bb<\/span><\/a><\/p>\n","protected":false},"author":1,"featured_media":38,"parent":0,"menu_order":0,"comment_status":"closed","ping_status":"closed","template":"","meta":{"_uag_custom_page_level_css":"","footnotes":""},"uagb_featured_image_src":{"full":["https:\/\/www.coeuretvie.org\/wp-content\/uploads\/2024\/02\/IMG_1660-scaled.jpg",2560,1707,false],"thumbnail":["https:\/\/www.coeuretvie.org\/wp-content\/uploads\/2024\/02\/IMG_1660-150x150.jpg",150,150,true],"medium":["https:\/\/www.coeuretvie.org\/wp-content\/uploads\/2024\/02\/IMG_1660-300x200.jpg",300,200,true],"medium_large":["https:\/\/www.coeuretvie.org\/wp-content\/uploads\/2024\/02\/IMG_1660-scaled.jpg",768,512,false],"large":["https:\/\/www.coeuretvie.org\/wp-content\/uploads\/2024\/02\/IMG_1660-1024x683.jpg",950,634,true],"1536x1536":["https:\/\/www.coeuretvie.org\/wp-content\/uploads\/2024\/02\/IMG_1660-scaled-1536x1024.jpg",1536,1024,true],"2048x2048":["https:\/\/www.coeuretvie.org\/wp-content\/uploads\/2024\/02\/IMG_1660-scaled-2048x1366.jpg",2048,1366,true],"inspiro-featured-image":["https:\/\/www.coeuretvie.org\/wp-content\/uploads\/2024\/02\/IMG_1660-2000x1333.jpg",2000,1333,true],"inspiro-loop":["https:\/\/www.coeuretvie.org\/wp-content\/uploads\/2024\/02\/IMG_1660-950x320.jpg",950,320,true],"inspiro-loop@2x":["https:\/\/www.coeuretvie.org\/wp-content\/uploads\/2024\/02\/IMG_1660-1900x640.jpg",1900,640,true]},"uagb_author_info":{"display_name":"focev211","author_link":"https:\/\/www.coeuretvie.org\/index.php\/author\/focev211\/"},"uagb_comment_info":0,"uagb_excerpt":"Notre vision La prise en charge des maladies cardio-vasculaires pour r\u00e9duirela mortalit\u00e9. Notre mission Promouvoir le partage des connaissances et des bonnes pratiques dans le d\u00e9pistage et la prise en charge des maladies cardio-vasculaires Nos programmes Coeur et Vie &#8211; Grand public Ce programme a pour but de sensibiliser et d\u00e9pister les maladies cardiovasculaires (MCV)\u2026","_links":{"self":[{"href":"https:\/\/www.coeuretvie.org\/index.php\/wp-json\/wp\/v2\/pages\/11"}],"collection":[{"href":"https:\/\/www.coeuretvie.org\/index.php\/wp-json\/wp\/v2\/pages"}],"about":[{"href":"https:\/\/www.coeuretvie.org\/index.php\/wp-json\/wp\/v2\/types\/page"}],"author":[{"embeddable":true,"href":"https:\/\/www.coeuretvie.org\/index.php\/wp-json\/wp\/v2\/users\/1"}],"replies":[{"embeddable":true,"href":"https:\/\/www.coeuretvie.org\/index.php\/wp-json\/wp\/v2\/comments?post=11"}],"version-history":[{"count":22,"href":"https:\/\/www.coeuretvie.org\/index.php\/wp-json\/wp\/v2\/pages\/11\/revisions"}],"predecessor-version":[{"id":1447,"href":"https:\/\/www.coeuretvie.org\/index.php\/wp-json\/wp\/v2\/pages\/11\/revisions\/1447"}],"wp:featuredmedia":[{"embeddable":true,"href":"https:\/\/www.coeuretvie.org\/index.php\/wp-json\/wp\/v2\/media\/38"}],"wp:attachment":[{"href":"https:\/\/www.coeuretvie.org\/index.php\/wp-json\/wp\/v2\/media?parent=11"}],"curies":[{"name":"wp","href":"https:\/\/api.w.org\/{rel}","templated":true}]}}