{"id":1203,"date":"2025-01-08T13:00:02","date_gmt":"2025-01-08T12:00:02","guid":{"rendered":"https:\/\/www.coeuretvie.org\/?page_id=1203"},"modified":"2025-06-04T11:41:06","modified_gmt":"2025-06-04T10:41:06","slug":"newsletter","status":"publish","type":"page","link":"https:\/\/www.coeuretvie.org\/index.php\/actu\/newsletter\/","title":{"rendered":"Newsletter"},"content":{"rendered":"\n<div id=\"news\" class=\"wp-block-group has-global-padding is-layout-constrained wp-block-group-is-layout-constrained\">\n<p class=\"has-text-align-left has-text-color has-link-color wp-elements-e46dbad14d5435ef58f73659a375432a\" style=\"color:#f12a4b\">Bienvenue sur notre newsletter! Recevez en continue l&rsquo;actualit\u00e9 sur nos actions pour r\u00e9duire l&rsquo;impact des maladies cardiovasculaires au Cameroun<\/p>\n\n\n\n<div style=\"height:38px\" aria-hidden=\"true\" class=\"wp-block-spacer\"><\/div>\n<\/div>\n\n\n\n<div class=\"wp-block-uagb-container uagb-block-3fc63030 alignfull uagb-is-root-container\"><div class=\"uagb-container-inner-blocks-wrap\">\n<div class=\"wp-block-uagb-container uagb-block-3a9b8362\">\n<h2 class=\"wp-block-heading\">ACTU MARS<\/h2>\n\n\n\n<p class=\"has-secondary-color has-text-color has-link-color wp-elements-a8eccaf7dffce4066739b6d0b52ced73\">14 Mars 2025<\/p>\n\n\n\n<p>Pour cette premi\u00e8re \u00e9dition de <em>c\u0153ur en sant\u00e9<\/em>, la FOCEV vous pr\u00e9sente un r\u00e9cap de ses activit\u00e9s en F\u00e9vrier : du d\u00e9pistage HTA et diab\u00e8te chez les militaires, aux formations gratuites en RCP pour nos b\u00e9n\u00e9voles, la FOCEV n&rsquo;a pas failli \u00e0 sa mission ! <\/p>\n\n\n\n<div class=\"wp-block-uagb-image uagb-block-ca28e111 wp-block-uagb-image--layout-default wp-block-uagb-image--effect-static wp-block-uagb-image--align-none\"><figure class=\"wp-block-uagb-image__figure\"><a class=\"\" href=\"https:\/\/www.coeuretvie.org\/index.php\/actu\/newsletter\/coeur-en-sante-mars-2025\/\" target=\"\" rel=\"noopener\"><img decoding=\"async\" srcset=\"https:\/\/www.coeuretvie.org\/wp-content\/uploads\/2025\/06\/WhatsApp-Image-2025-03-14-at-13.57.10.jpeg ,https:\/\/www.coeuretvie.org\/wp-content\/uploads\/2025\/06\/WhatsApp-Image-2025-03-14-at-13.57.10.jpeg 780w, https:\/\/www.coeuretvie.org\/wp-content\/uploads\/2025\/06\/WhatsApp-Image-2025-03-14-at-13.57.10.jpeg 360w\" sizes=\"(max-width: 480px) 150px\" src=\"https:\/\/www.coeuretvie.org\/wp-content\/uploads\/2025\/06\/WhatsApp-Image-2025-03-14-at-13.57.10.jpeg\" alt=\"\" class=\"uag-image-1413\" width=\"621\" height=\"878\" title=\"WhatsApp-Image-2025-03-14-at-13.57.10\" loading=\"lazy\" role=\"img\"\/><\/a><\/figure><\/div>\n<\/div>\n\n\n\n<div class=\"wp-block-uagb-container uagb-block-94213e71\">\n<h2 class=\"wp-block-heading\">ACTU AVRIL<\/h2>\n\n\n\n<p class=\"has-secondary-color has-text-color has-link-color wp-elements-e04a50a8ccc8a8f1f39d03cb23040663\">02 Avril 2025<\/p>\n\n\n\n<p>Entre les partenariats pour sauver des vies aux formations en r\u00e9animation cardio-pulmonaire, le mois de Mars a la fondation c\u0153ur et vie marquait le d\u00e9but de plusieurs projets prometteurs. Dans cette \u00e9dition in\u00e9dite de <em>c\u0153ur en sant\u00e9<\/em>, d\u00e9couvrez de pr\u00e8s nos actions et engagements.<\/p>\n\n\n\n<div class=\"wp-block-uagb-image uagb-block-45f07e7a wp-block-uagb-image--layout-default wp-block-uagb-image--effect-static wp-block-uagb-image--align-none\"><figure class=\"wp-block-uagb-image__figure\"><a class=\"\" href=\"https:\/\/www.coeuretvie.org\/?page_id=1271\" target=\"\" rel=\"noopener\"><img decoding=\"async\" srcset=\"https:\/\/www.coeuretvie.org\/wp-content\/uploads\/2025\/06\/WhatsApp-Image-2025-04-02-at-15.09.13.jpeg ,https:\/\/www.coeuretvie.org\/wp-content\/uploads\/2025\/06\/WhatsApp-Image-2025-04-02-at-15.09.13.jpeg 780w, https:\/\/www.coeuretvie.org\/wp-content\/uploads\/2025\/06\/WhatsApp-Image-2025-04-02-at-15.09.13.jpeg 360w\" sizes=\"(max-width: 480px) 150px\" src=\"https:\/\/www.coeuretvie.org\/wp-content\/uploads\/2025\/06\/WhatsApp-Image-2025-04-02-at-15.09.13.jpeg\" alt=\"\" class=\"uag-image-1398\" width=\"707\" height=\"1000\" title=\"WhatsApp-Image-2025-04-02-at-15.09.13\" loading=\"lazy\" role=\"img\"\/><\/a><\/figure><\/div>\n<\/div>\n\n\n\n<div class=\"wp-block-uagb-container uagb-block-0c785ec3\">\n<h2 class=\"wp-block-heading\">ACTU MAI<\/h2>\n\n\n\n<p class=\"has-secondary-color has-text-color has-link-color wp-elements-c109d833a4bc95eb67105db936a79fa0\">13 Mai 2025<\/p>\n\n\n\n<p>En pr\u00e9lude aux activit\u00e9s marquant la journ\u00e9e mondiale de l&rsquo;hypertension art\u00e9rielle, la fondation c\u0153ur et vie r\u00e9affirme son engagement dans le partage des connaissances et bonnes pratiques dans la prise en charge des maladies cardiovasculaires \u00e0 travers le renforcement des comp\u00e9tences m\u00e9dicales. Dans cette \u00e9dition de <em>c\u0153ur en sant\u00e9<\/em>, nous revenons sur les formations intensives d\u00e9di\u00e9e \u00e0 la fois aux m\u00e9decins g\u00e9n\u00e9ralistes et aux employ\u00e9s de <em>GOZEM<\/em><\/p>\n\n\n\n<div class=\"wp-block-uagb-image uagb-block-67d1b2cd wp-block-uagb-image--layout-default wp-block-uagb-image--effect-static wp-block-uagb-image--align-none\"><figure class=\"wp-block-uagb-image__figure\"><a class=\"\" href=\"https:\/\/www.coeuretvie.org\/index.php\/actu\/newsletter\/coeur-en-sante-mai\/\" target=\"\" rel=\"noopener\"><img decoding=\"async\" srcset=\"https:\/\/www.coeuretvie.org\/wp-content\/uploads\/2025\/06\/journal-mai_page-0001-724x1024.jpg ,https:\/\/www.coeuretvie.org\/wp-content\/uploads\/2025\/06\/journal-mai_page-0001.jpg 780w, https:\/\/www.coeuretvie.org\/wp-content\/uploads\/2025\/06\/journal-mai_page-0001.jpg 360w\" sizes=\"(max-width: 480px) 150px\" src=\"https:\/\/www.coeuretvie.org\/wp-content\/uploads\/2025\/06\/journal-mai_page-0001-724x1024.jpg\" alt=\"\" class=\"uag-image-1399\" width=\"1241\" height=\"1755\" title=\"journal-mai_page-0001\" loading=\"lazy\" role=\"img\"\/><\/a><\/figure><\/div>\n<\/div>\n<\/div><\/div>\n\n\n\n<div class=\"wp-block-uagb-container uagb-block-98a5b7bb alignfull uagb-is-root-container\"><div class=\"uagb-container-inner-blocks-wrap\">\n<div class=\"wp-block-uagb-container uagb-block-b7f9beae\">\n<h2 class=\"wp-block-heading\">ACTU JUIN<\/h2>\n\n\n\n<p class=\"has-secondary-color has-text-color has-link-color wp-elements-e4dc6e9f6fa3e6e31c5ca6c708502045\">04 Juin 2025<\/p>\n\n\n\n<p>Du mot fort de <strong>Yolande BODIONG<\/strong>, journaliste vedette, au d\u00e9pistage du Maire de Douala 5e, en passant par le clin d\u2019\u0153il engag\u00e9 de <em><strong>Moustik le Charismatik<\/strong><\/em>, ce mois de mai a \u00e9t\u00e9 marqu\u00e9 par une mobilisation exceptionnelle \u00e0 l\u2019occasion de la Journ\u00e9e mondiale de lutte contre l\u2019hypertension art\u00e9rielle (17 mai).Chef d\u2019orchestre silencieux des maladies cardiovasculaires, l\u2019hypertension reste un ennemi redoutable. Marche sportive, d\u00e9pistages gratuits, prises de parole inspirantes\u2026 tout y est pour mieux comprendre, pr\u00e9venir et agir !<\/p>\n\n\n\n<p>\ud83d\udc46\ud83c\udffdPlongez dans cette \u00e9dition pour d\u00e9couvrir les temps forts et nos conseils pratiques pour prot\u00e9ger votre c\u0153ur<\/p>\n\n\n\n<div class=\"wp-block-uagb-image uagb-block-5c29091c wp-block-uagb-image--layout-default wp-block-uagb-image--effect-static wp-block-uagb-image--align-none\"><figure class=\"wp-block-uagb-image__figure\"><a class=\"\" href=\"https:\/\/www.coeuretvie.org\/index.php\/actu\/newsletter\/coeur-en-sante-juin-2025\/\" target=\"\" rel=\"noopener\"><img decoding=\"async\" srcset=\"https:\/\/www.coeuretvie.org\/wp-content\/uploads\/2025\/06\/JOURNAL-MAI-FONDATION-COEUR-ET-VIE_pages-to-jpg-0001-724x1024.jpg ,https:\/\/www.coeuretvie.org\/wp-content\/uploads\/2025\/06\/JOURNAL-MAI-FONDATION-COEUR-ET-VIE_pages-to-jpg-0001.jpg 780w, https:\/\/www.coeuretvie.org\/wp-content\/uploads\/2025\/06\/JOURNAL-MAI-FONDATION-COEUR-ET-VIE_pages-to-jpg-0001.jpg 360w\" sizes=\"(max-width: 480px) 150px\" src=\"https:\/\/www.coeuretvie.org\/wp-content\/uploads\/2025\/06\/JOURNAL-MAI-FONDATION-COEUR-ET-VIE_pages-to-jpg-0001-724x1024.jpg\" alt=\"\" class=\"uag-image-1397\" width=\"1241\" height=\"1755\" title=\"JOURNAL-MAI-FONDATION-COEUR-ET-VIE_pages-to-jpg-0001\" loading=\"lazy\" role=\"img\"\/><\/a><\/figure><\/div>\n<\/div>\n\n\n\n<div class=\"wp-block-uagb-container uagb-block-7ce1b1b1\"><\/div>\n\n\n\n<div class=\"wp-block-uagb-container uagb-block-74f17c0d\"><\/div>\n<\/div><\/div>\n\n\n\n<p><\/p>\n\n\n\n<div class=\"wp-block-uagb-container uagb-block-d61c427d alignfull uagb-is-root-container\"><div class=\"uagb-container-inner-blocks-wrap\"><\/div><\/div>\n","protected":false},"excerpt":{"rendered":"<p>Bienvenue sur notre newsletter! Recevez en continue l&rsquo;actualit\u00e9 sur nos actions pour r\u00e9duire l&rsquo;impact des maladies cardiovasculaires au Cameroun ACTU MARS 14 Mars 2025 Pour cette premi\u00e8re \u00e9dition de c\u0153ur en sant\u00e9, la FOCEV vous pr\u00e9sente un r\u00e9cap de ses activit\u00e9s en F\u00e9vrier : du d\u00e9pistage HTA et diab\u00e8te chez les militaires, aux formations gratuites &hellip; <\/p>\n<p class=\"link-more\"><a href=\"https:\/\/www.coeuretvie.org\/index.php\/actu\/newsletter\/\" class=\"more-link\">Lire la suite de<span class=\"screen-reader-text\">\u00ab\u00a0Newsletter\u00a0\u00bb<\/span><\/a><\/p>\n","protected":false},"author":1,"featured_media":1205,"parent":249,"menu_order":0,"comment_status":"closed","ping_status":"closed","template":"","meta":{"_uag_custom_page_level_css":"","footnotes":""},"uagb_featured_image_src":{"full":["https:\/\/www.coeuretvie.org\/wp-content\/uploads\/2025\/01\/Entete-Newsletter-e1736337947225.jpg",1414,412,false],"thumbnail":["https:\/\/www.coeuretvie.org\/wp-content\/uploads\/2025\/01\/Entete-Newsletter-e1736337947225-150x150.jpg",150,150,true],"medium":["https:\/\/www.coeuretvie.org\/wp-content\/uploads\/2025\/01\/Entete-Newsletter-e1736337947225-300x87.jpg",300,87,true],"medium_large":["https:\/\/www.coeuretvie.org\/wp-content\/uploads\/2025\/01\/Entete-Newsletter-e1736337947225-768x224.jpg",768,224,true],"large":["https:\/\/www.coeuretvie.org\/wp-content\/uploads\/2025\/01\/Entete-Newsletter-e1736337947225-1024x298.jpg",950,276,true],"1536x1536":["https:\/\/www.coeuretvie.org\/wp-content\/uploads\/2025\/01\/Entete-Newsletter-e1736337947225.jpg",1414,412,false],"2048x2048":["https:\/\/www.coeuretvie.org\/wp-content\/uploads\/2025\/01\/Entete-Newsletter-e1736337947225.jpg",1414,412,false],"inspiro-featured-image":["https:\/\/www.coeuretvie.org\/wp-content\/uploads\/2025\/01\/Entete-Newsletter-e1736337947225.jpg",1414,412,false],"inspiro-loop":["https:\/\/www.coeuretvie.org\/wp-content\/uploads\/2025\/01\/Entete-Newsletter-e1736337947225-950x320.jpg",950,320,true],"inspiro-loop@2x":["https:\/\/www.coeuretvie.org\/wp-content\/uploads\/2025\/01\/Entete-Newsletter-e1736337947225.jpg",1414,412,false]},"uagb_author_info":{"display_name":"focev211","author_link":"https:\/\/www.coeuretvie.org\/index.php\/author\/focev211\/"},"uagb_comment_info":0,"uagb_excerpt":"Bienvenue sur notre newsletter! Recevez en continue l&rsquo;actualit\u00e9 sur nos actions pour r\u00e9duire l&rsquo;impact des maladies cardiovasculaires au Cameroun ACTU MARS 14 Mars 2025 Pour cette premi\u00e8re \u00e9dition de c\u0153ur en sant\u00e9, la FOCEV vous pr\u00e9sente un r\u00e9cap de ses activit\u00e9s en F\u00e9vrier : du d\u00e9pistage HTA et diab\u00e8te chez les militaires, aux formations gratuites\u2026","_links":{"self":[{"href":"https:\/\/www.coeuretvie.org\/index.php\/wp-json\/wp\/v2\/pages\/1203"}],"collection":[{"href":"https:\/\/www.coeuretvie.org\/index.php\/wp-json\/wp\/v2\/pages"}],"about":[{"href":"https:\/\/www.coeuretvie.org\/index.php\/wp-json\/wp\/v2\/types\/page"}],"author":[{"embeddable":true,"href":"https:\/\/www.coeuretvie.org\/index.php\/wp-json\/wp\/v2\/users\/1"}],"replies":[{"embeddable":true,"href":"https:\/\/www.coeuretvie.org\/index.php\/wp-json\/wp\/v2\/comments?post=1203"}],"version-history":[{"count":33,"href":"https:\/\/www.coeuretvie.org\/index.php\/wp-json\/wp\/v2\/pages\/1203\/revisions"}],"predecessor-version":[{"id":1417,"href":"https:\/\/www.coeuretvie.org\/index.php\/wp-json\/wp\/v2\/pages\/1203\/revisions\/1417"}],"up":[{"embeddable":true,"href":"https:\/\/www.coeuretvie.org\/index.php\/wp-json\/wp\/v2\/pages\/249"}],"wp:featuredmedia":[{"embeddable":true,"href":"https:\/\/www.coeuretvie.org\/index.php\/wp-json\/wp\/v2\/media\/1205"}],"wp:attachment":[{"href":"https:\/\/www.coeuretvie.org\/index.php\/wp-json\/wp\/v2\/media?parent=1203"}],"curies":[{"name":"wp","href":"https:\/\/api.w.org\/{rel}","templated":true}]}}