{"id":1425,"date":"2025-07-14T14:15:43","date_gmt":"2025-07-14T13:15:43","guid":{"rendered":"https:\/\/www.coeuretvie.org\/?page_id=1425"},"modified":"2025-07-21T12:54:58","modified_gmt":"2025-07-21T11:54:58","slug":"1425-2","status":"publish","type":"page","link":"https:\/\/www.coeuretvie.org\/index.php\/1425-2\/","title":{"rendered":""},"content":{"rendered":"\n<div class=\"wp-block-cover has-custom-content-position is-position-bottom-center\" style=\"min-height:361px\"><span aria-hidden=\"true\" class=\"wp-block-cover__background has-background-dim\"><\/span><img loading=\"lazy\" decoding=\"async\" width=\"576\" height=\"1024\" class=\"wp-block-cover__image-background wp-image-1428\" alt=\"\" src=\"https:\/\/www.coeuretvie.org\/wp-content\/uploads\/2025\/07\/WhatsApp-Image-2025-05-22-at-09.58.54-2-576x1024.jpeg\" data-object-fit=\"cover\" srcset=\"https:\/\/www.coeuretvie.org\/wp-content\/uploads\/2025\/07\/WhatsApp-Image-2025-05-22-at-09.58.54-2-576x1024.jpeg 576w, https:\/\/www.coeuretvie.org\/wp-content\/uploads\/2025\/07\/WhatsApp-Image-2025-05-22-at-09.58.54-2-169x300.jpeg 169w, https:\/\/www.coeuretvie.org\/wp-content\/uploads\/2025\/07\/WhatsApp-Image-2025-05-22-at-09.58.54-2.jpeg 607w\" sizes=\"(max-width: 576px) 100vw, 576px\" \/><div class=\"wp-block-cover__inner-container is-layout-flow wp-block-cover-is-layout-flow\">\n<p class=\"has-text-align-center has-large-font-size\"><strong>LES CAMPAGNES DE DEPISTAGE<\/strong><\/p>\n<\/div><\/div>\n\n\n\n<h3 class=\"wp-block-heading has-text-align-center has-text-color has-link-color wp-elements-ae79ac704b38667cf2c26cfa7c1ae964\" style=\"color:#f20d0d\">Pourquoi se faire d\u00e9pister ?<\/h3>\n\n\n\n<p>Le d\u00e9pistage sauve des vies. En d\u00e9tectant les maladies \u00e0 un stade pr\u00e9coce, souvent silencieux, il permet une prise en charge rapide, efficace et moins co\u00fbteuse. Que ce soit pour l\u2019hypertension, le diab\u00e8te, les maladies cardiovasculaires ou certains cancers, se faire d\u00e9pister r\u00e9guli\u00e8rement, c\u2019est faire le choix de la pr\u00e9vention, de la sant\u00e9 et de la s\u00e9r\u00e9nit\u00e9. <strong>N\u2019attendez pas les sympt\u00f4mes, agissez \u00e0 temps.<\/strong><\/p>\n\n\n\n<p><\/p>\n\n\n\n<div class=\"wp-block-columns is-layout-flex wp-container-core-columns-layout-1 wp-block-columns-is-layout-flex\">\n<div class=\"wp-block-column is-layout-flow wp-block-column-is-layout-flow\" style=\"flex-basis:100%\">\n<div class=\"wp-block-cover alignright\"><span aria-hidden=\"true\" class=\"wp-block-cover__background has-background-dim\"><\/span><img loading=\"lazy\" decoding=\"async\" width=\"768\" height=\"1024\" class=\"wp-block-cover__image-background wp-image-1431\" alt=\"\" src=\"https:\/\/www.coeuretvie.org\/wp-content\/uploads\/2025\/07\/WhatsApp-Image-2025-07-14-at-1.24.52-PM-1-768x1024.jpeg\" data-object-fit=\"cover\" srcset=\"https:\/\/www.coeuretvie.org\/wp-content\/uploads\/2025\/07\/WhatsApp-Image-2025-07-14-at-1.24.52-PM-1-768x1024.jpeg 768w, https:\/\/www.coeuretvie.org\/wp-content\/uploads\/2025\/07\/WhatsApp-Image-2025-07-14-at-1.24.52-PM-1-225x300.jpeg 225w, https:\/\/www.coeuretvie.org\/wp-content\/uploads\/2025\/07\/WhatsApp-Image-2025-07-14-at-1.24.52-PM-1.jpeg 960w\" sizes=\"(max-width: 768px) 100vw, 768px\" \/><div class=\"wp-block-cover__inner-container is-layout-flow wp-block-cover-is-layout-flow\">\n<p><\/p>\n\n\n\n<p><\/p>\n\n\n\n<p><\/p>\n\n\n\n<p><\/p>\n\n\n\n<p><\/p>\n\n\n\n<p><\/p>\n\n\n\n<p class=\"has-text-align-center has-medium-font-size\"><strong>CAMPAGNE DE DEPISTAGE A BAFANG<\/strong><\/p>\n\n\n\n<p class=\"has-secondary-color has-text-color has-link-color wp-elements-afbf8f87a263f1d3f49211aa0513dee5\"><a href=\"https:\/\/www.facebook.com\/share\/p\/1934xdMiBg\/\"><strong>Explore more\u2192<\/strong><\/a><\/p>\n<\/div><\/div>\n\n\n\n<div class=\"wp-block-cover alignleft\"><span aria-hidden=\"true\" class=\"wp-block-cover__background has-background-dim\"><\/span><img loading=\"lazy\" decoding=\"async\" width=\"768\" height=\"1024\" class=\"wp-block-cover__image-background wp-image-1429\" alt=\"\" src=\"https:\/\/www.coeuretvie.org\/wp-content\/uploads\/2025\/07\/WhatsApp-Image-2025-05-22-at-09.58.53-768x1024.jpeg\" data-object-fit=\"cover\" srcset=\"https:\/\/www.coeuretvie.org\/wp-content\/uploads\/2025\/07\/WhatsApp-Image-2025-05-22-at-09.58.53-768x1024.jpeg 768w, https:\/\/www.coeuretvie.org\/wp-content\/uploads\/2025\/07\/WhatsApp-Image-2025-05-22-at-09.58.53-225x300.jpeg 225w, https:\/\/www.coeuretvie.org\/wp-content\/uploads\/2025\/07\/WhatsApp-Image-2025-05-22-at-09.58.53.jpeg 810w\" sizes=\"(max-width: 768px) 100vw, 768px\" \/><div class=\"wp-block-cover__inner-container is-layout-flow wp-block-cover-is-layout-flow\">\n<p><\/p>\n\n\n\n<p><\/p>\n\n\n\n<p><\/p>\n\n\n\n<p><\/p>\n\n\n\n<p><\/p>\n\n\n\n<p><\/p>\n\n\n\n<p class=\"has-text-align-center has-medium-font-size\"><strong>CAMPAGNE DE DEPISTAGE AU SINAC<\/strong><\/p>\n\n\n\n<p class=\"has-secondary-color has-text-color has-link-color wp-elements-9f7f7559750d7741c477bc420330e67a\"><strong><a href=\"https:\/\/www.facebook.com\/share\/p\/16qZH9X1ss\/\">Explore more\u2192<\/a><\/strong><\/p>\n<\/div><\/div>\n<\/div>\n<\/div>\n","protected":false},"excerpt":{"rendered":"<p>Pourquoi se faire d\u00e9pister ? Le d\u00e9pistage sauve des vies. En d\u00e9tectant les maladies \u00e0 un stade pr\u00e9coce, souvent silencieux, il permet une prise en charge rapide, efficace et moins co\u00fbteuse. Que ce soit pour l\u2019hypertension, le diab\u00e8te, les maladies cardiovasculaires ou certains cancers, se faire d\u00e9pister r\u00e9guli\u00e8rement, c\u2019est faire le choix de la pr\u00e9vention, &hellip; <\/p>\n<p class=\"link-more\"><a href=\"https:\/\/www.coeuretvie.org\/index.php\/1425-2\/\" class=\"more-link\">Lire la suite de<span class=\"screen-reader-text\">\u00ab\u00a0\u00a0\u00bb<\/span><\/a><\/p>\n","protected":false},"author":1,"featured_media":0,"parent":0,"menu_order":0,"comment_status":"closed","ping_status":"closed","template":"","meta":{"_uag_custom_page_level_css":"","footnotes":""},"uagb_featured_image_src":{"full":false,"thumbnail":false,"medium":false,"medium_large":false,"large":false,"1536x1536":false,"2048x2048":false,"inspiro-featured-image":false,"inspiro-loop":false,"inspiro-loop@2x":false},"uagb_author_info":{"display_name":"focev211","author_link":"https:\/\/www.coeuretvie.org\/index.php\/author\/focev211\/"},"uagb_comment_info":0,"uagb_excerpt":"Pourquoi se faire d\u00e9pister ? Le d\u00e9pistage sauve des vies. En d\u00e9tectant les maladies \u00e0 un stade pr\u00e9coce, souvent silencieux, il permet une prise en charge rapide, efficace et moins co\u00fbteuse. Que ce soit pour l\u2019hypertension, le diab\u00e8te, les maladies cardiovasculaires ou certains cancers, se faire d\u00e9pister r\u00e9guli\u00e8rement, c\u2019est faire le choix de la pr\u00e9vention,\u2026","_links":{"self":[{"href":"https:\/\/www.coeuretvie.org\/index.php\/wp-json\/wp\/v2\/pages\/1425"}],"collection":[{"href":"https:\/\/www.coeuretvie.org\/index.php\/wp-json\/wp\/v2\/pages"}],"about":[{"href":"https:\/\/www.coeuretvie.org\/index.php\/wp-json\/wp\/v2\/types\/page"}],"author":[{"embeddable":true,"href":"https:\/\/www.coeuretvie.org\/index.php\/wp-json\/wp\/v2\/users\/1"}],"replies":[{"embeddable":true,"href":"https:\/\/www.coeuretvie.org\/index.php\/wp-json\/wp\/v2\/comments?post=1425"}],"version-history":[{"count":2,"href":"https:\/\/www.coeuretvie.org\/index.php\/wp-json\/wp\/v2\/pages\/1425\/revisions"}],"predecessor-version":[{"id":1446,"href":"https:\/\/www.coeuretvie.org\/index.php\/wp-json\/wp\/v2\/pages\/1425\/revisions\/1446"}],"wp:attachment":[{"href":"https:\/\/www.coeuretvie.org\/index.php\/wp-json\/wp\/v2\/media?parent=1425"}],"curies":[{"name":"wp","href":"https:\/\/api.w.org\/{rel}","templated":true}]}}