{"id":249,"date":"2024-02-21T13:03:44","date_gmt":"2024-02-21T12:03:44","guid":{"rendered":"https:\/\/www.coeuretvie.org\/?page_id=249"},"modified":"2024-12-24T14:53:47","modified_gmt":"2024-12-24T13:53:47","slug":"actu","status":"publish","type":"page","link":"https:\/\/www.coeuretvie.org\/index.php\/actu\/","title":{"rendered":"Actualit\u00e9s"},"content":{"rendered":"\n<div style=\"height:12px\" aria-hidden=\"true\" class=\"wp-block-spacer\"><\/div>\n\n\n\n<div style=\"height:12px\" aria-hidden=\"true\" class=\"wp-block-spacer\"><\/div>\n\n\n\n<div class=\"wp-block-columns is-layout-flex wp-container-core-columns-layout-1 wp-block-columns-is-layout-flex\">\n<div class=\"wp-block-column is-layout-flow wp-block-column-is-layout-flow\">\n<figure class=\"wp-block-image size-full\"><img loading=\"lazy\" decoding=\"async\" width=\"828\" height=\"824\" src=\"https:\/\/www.coeuretvie.org\/wp-content\/uploads\/2024\/10\/461828109_122165942396106199_2312575881636567013_n.jpg\" alt=\"\" class=\"wp-image-1150\" style=\"aspect-ratio:4\/3;object-fit:cover\" srcset=\"https:\/\/www.coeuretvie.org\/wp-content\/uploads\/2024\/10\/461828109_122165942396106199_2312575881636567013_n.jpg 828w, https:\/\/www.coeuretvie.org\/wp-content\/uploads\/2024\/10\/461828109_122165942396106199_2312575881636567013_n-300x300.jpg 300w, https:\/\/www.coeuretvie.org\/wp-content\/uploads\/2024\/10\/461828109_122165942396106199_2312575881636567013_n-150x150.jpg 150w\" sizes=\"(max-width: 828px) 100vw, 828px\" \/><\/figure>\n\n\n\n<h3 class=\"wp-block-heading has-text-align-center has-black-color has-text-color has-medium-font-size\"><span style=\"text-decoration: underline;\"><a href=\"https:\/\/whatsapp.com\/channel\/0029VafAu054CrfZR4TZba1D\">SUIVEZ NOTRE CHA\u00ceNE WHATSAPP<\/a><\/span><\/h3>\n\n\n\n<p>Les maladies cardiovasculaires sont devenues la premi\u00e8re cause de mortalit\u00e9 dans le monde et la deuxi\u00e8me en Afrique. Chaque ann\u00e9e plus de 17.000.000 de personnes meurent de cette maladie. <br>Suivez notre cha\u00eene Whatsapp Fondation c\u0153ur et vie et soyez les premiers inform\u00e9s des diff\u00e9rentes actualit\u00e9s et b\u00e9n\u00e9ficiez de conseils d\u2019expert pour maintenir votre c\u0153ur en bonne sant\u00e9.<\/p>\n\n\n\n<p class=\"has-text-align-center has-secondary-color has-text-color has-link-color has-x-small-font-size wp-elements-348b5aa0a3c2b456b7e124c24c541c39\"><span style=\"text-decoration: underline;\"><a href=\"https:\/\/whatsapp.com\/channel\/0029VafAu054CrfZR4TZba1D\"><mark style=\"background-color:rgba(0, 0, 0, 0)\" class=\"has-inline-color has-secondary-color\">(<\/mark>Regarder)<\/a><\/span><\/p>\n<\/div>\n\n\n\n<div class=\"wp-block-column is-layout-flow wp-block-column-is-layout-flow\">\n<figure data-wp-context=\"{ &quot;core&quot;:\n\t\t\t\t{ &quot;image&quot;:\n\t\t\t\t\t{   &quot;imageLoaded&quot;: false,\n\t\t\t\t\t\t&quot;initialized&quot;: false,\n\t\t\t\t\t\t&quot;lightboxEnabled&quot;: false,\n\t\t\t\t\t\t&quot;hideAnimationEnabled&quot;: false,\n\t\t\t\t\t\t&quot;preloadInitialized&quot;: false,\n\t\t\t\t\t\t&quot;lightboxAnimation&quot;: &quot;zoom&quot;,\n\t\t\t\t\t\t&quot;imageUploadedSrc&quot;: &quot;https:\/\/www.coeuretvie.org\/wp-content\/uploads\/2024\/10\/WhatsApp-Image-2024-10-10-a-15.26.24_36d5ca0a.jpg&quot;,\n\t\t\t\t\t\t&quot;imageCurrentSrc&quot;: &quot;&quot;,\n\t\t\t\t\t\t&quot;targetWidth&quot;: &quot;636&quot;,\n\t\t\t\t\t\t&quot;targetHeight&quot;: &quot;900&quot;,\n\t\t\t\t\t\t&quot;scaleAttr&quot;: &quot;cover&quot;,\n\t\t\t\t\t\t&quot;dialogLabel&quot;: &quot;Image agrandie&quot;\n\t\t\t\t\t}\n\t\t\t\t}\n\t\t\t}\" data-wp-interactive class=\"wp-block-image size-full wp-lightbox-container\"><img loading=\"lazy\" decoding=\"async\" width=\"636\" height=\"900\" data-wp-effect--setStylesOnResize=\"effects.core.image.setStylesOnResize\" data-wp-effect=\"effects.core.image.setButtonStyles\" data-wp-init=\"effects.core.image.initOriginImage\" data-wp-on--click=\"actions.core.image.showLightbox\" data-wp-on--load=\"actions.core.image.handleLoad\" src=\"https:\/\/www.coeuretvie.org\/wp-content\/uploads\/2024\/10\/WhatsApp-Image-2024-10-10-a-15.26.24_36d5ca0a.jpg\" alt=\"\" class=\"wp-image-1133\" style=\"aspect-ratio:1.3333333333333333;object-fit:cover\" srcset=\"https:\/\/www.coeuretvie.org\/wp-content\/uploads\/2024\/10\/WhatsApp-Image-2024-10-10-a-15.26.24_36d5ca0a.jpg 636w, https:\/\/www.coeuretvie.org\/wp-content\/uploads\/2024\/10\/WhatsApp-Image-2024-10-10-a-15.26.24_36d5ca0a-212x300.jpg 212w\" sizes=\"(max-width: 636px) 100vw, 636px\" \/><button\n\t\t\tclass=\"lightbox-trigger\"\n\t\t\ttype=\"button\"\n\t\t\taria-haspopup=\"dialog\"\n\t\t\taria-label=\"Agrandir l\u2018image\"\n\t\t\tdata-wp-on--click=\"actions.core.image.showLightbox\"\n\t\t\tdata-wp-style--right=\"context.core.image.imageButtonRight\"\n\t\t\tdata-wp-style--top=\"context.core.image.imageButtonTop\"\n\t\t>\n\t\t\t<svg xmlns=\"http:\/\/www.w3.org\/2000\/svg\" width=\"12\" height=\"12\" fill=\"none\" viewBox=\"0 0 12 12\">\n\t\t\t\t<path fill=\"#fff\" d=\"M2 0a2 2 0 0 0-2 2v2h1.5V2a.5.5 0 0 1 .5-.5h2V0H2Zm2 10.5H2a.5.5 0 0 1-.5-.5V8H0v2a2 2 0 0 0 2 2h2v-1.5ZM8 12v-1.5h2a.5.5 0 0 0 .5-.5V8H12v2a2 2 0 0 1-2 2H8Zm2-12a2 2 0 0 1 2 2v2h-1.5V2a.5.5 0 0 0-.5-.5H8V0h2Z\" \/>\n\t\t\t<\/svg>\n\t\t<\/button>        <div data-wp-body=\"\" class=\"wp-lightbox-overlay zoom\"\n            data-wp-bind--role=\"selectors.core.image.roleAttribute\"\n            data-wp-bind--aria-label=\"selectors.core.image.dialogLabel\"\n            data-wp-class--initialized=\"context.core.image.initialized\"\n            data-wp-class--active=\"context.core.image.lightboxEnabled\"\n            data-wp-class--hideAnimationEnabled=\"context.core.image.hideAnimationEnabled\"\n            data-wp-bind--aria-modal=\"selectors.core.image.ariaModal\"\n            data-wp-effect=\"effects.core.image.initLightbox\"\n            data-wp-on--keydown=\"actions.core.image.handleKeydown\"\n            data-wp-on--touchstart=\"actions.core.image.handleTouchStart\"\n            data-wp-on--touchmove=\"actions.core.image.handleTouchMove\"\n            data-wp-on--touchend=\"actions.core.image.handleTouchEnd\"\n            data-wp-on--click=\"actions.core.image.hideLightbox\"\n            tabindex=\"-1\"\n            >\n                <button type=\"button\" aria-label=\"Fermer\" style=\"fill: #000\" class=\"close-button\" data-wp-on--click=\"actions.core.image.hideLightbox\">\n                    <svg xmlns=\"http:\/\/www.w3.org\/2000\/svg\" viewBox=\"0 0 24 24\" width=\"20\" height=\"20\" aria-hidden=\"true\" focusable=\"false\"><path d=\"M13 11.8l6.1-6.3-1-1-6.1 6.2-6.1-6.2-1 1 6.1 6.3-6.5 6.7 1 1 6.5-6.6 6.5 6.6 1-1z\"><\/path><\/svg>\n                <\/button>\n                <div class=\"lightbox-image-container\">\n<figure class=\"wp-block-image size-full responsive-image\"><img decoding=\"async\" data-wp-bind--src=\"context.core.image.imageCurrentSrc\" data-wp-style--object-fit=\"selectors.core.image.lightboxObjectFit\" src=\"\" alt=\"\" class=\"wp-image-1133\" style=\"aspect-ratio:1.3333333333333333;object-fit:cover\"\/><\/figure>\n<\/div>\n                <div class=\"lightbox-image-container\">\n<figure class=\"wp-block-image size-full enlarged-image\"><img decoding=\"async\" data-wp-bind--src=\"selectors.core.image.enlargedImgSrc\" data-wp-style--object-fit=\"selectors.core.image.lightboxObjectFit\" src=\"\" alt=\"\" class=\"wp-image-1133\" style=\"aspect-ratio:1.3333333333333333;object-fit:cover\"\/><\/figure>\n<\/div>\n                <div class=\"scrim\" style=\"background-color: #fff\" aria-hidden=\"true\"><\/div>\n        <\/div><\/figure>\n\n\n\n<h3 class=\"wp-block-heading has-text-align-center has-black-color has-text-color has-medium-font-size\"><span style=\"text-decoration: underline;\"><a href=\"https:\/\/whatsapp.com\/channel\/0029VafAu054CrfZR4TZba1D\/134\">NOEL POUR TOUS 5\u00e8me \u00e9dition<\/a><\/span><\/h3>\n\n\n\n<p>Merci \u00e0 tous pour vos Dons. Vos contributions ont permis de donner une touche sp\u00e9ciale \u00e0 <strong>\u00ab\u00a0No\u00ebl pour tous\u00a0\u00bb<\/strong><br>Merci infiniment  Puisse Dieu vous combler au-del\u00e0 de toutes attentes<br>Vous pouvez voir par les images comment cela a \u00e9t\u00e9.<br>Soyez richement b\u00e9nis <\/p>\n\n\n\n<p class=\"has-text-align-center has-secondary-color has-text-color has-x-small-font-size\"><a href=\"https:\/\/web.facebook.com\/share\/p\/15k5zxGVSH\/\"><mark style=\"background-color:rgba(0, 0, 0, 0)\" class=\"has-inline-color has-secondary-color\">(Voir le r\u00e9sum\u00e9 de l&rsquo;activit\u00e9<\/mark>)<\/a><\/p>\n<\/div>\n\n\n\n<div class=\"wp-block-column is-layout-flow wp-block-column-is-layout-flow\">\n<figure class=\"wp-block-image size-full\"><img loading=\"lazy\" decoding=\"async\" width=\"826\" height=\"538\" src=\"https:\/\/www.coeuretvie.org\/wp-content\/uploads\/2024\/10\/Gestes-qui-sauvent331-1.jpg\" alt=\"\" class=\"wp-image-1137\" style=\"aspect-ratio:4\/3;object-fit:cover\" srcset=\"https:\/\/www.coeuretvie.org\/wp-content\/uploads\/2024\/10\/Gestes-qui-sauvent331-1.jpg 826w, https:\/\/www.coeuretvie.org\/wp-content\/uploads\/2024\/10\/Gestes-qui-sauvent331-1-300x195.jpg 300w\" sizes=\"(max-width: 826px) 100vw, 826px\" \/><\/figure>\n\n\n\n<h3 class=\"wp-block-heading has-text-align-center has-black-color has-text-color has-medium-font-size\"><a href=\"https:\/\/whatsapp.com\/channel\/0029VafAu054CrfZR4TZba1D\/135\">Nos astuces de la semaine<\/a><\/h3>\n\n\n\n<p class=\"has-text-align-center has-text-color\" style=\"color:#7a7a7a\">D\u00e9couvrez cette semaine, des conseils d\u2019expert Importants et n\u00e9cessaires pour maintenir votre c\u0153ur en bonne sant\u00e9. <\/p>\n\n\n\n<p class=\"has-text-align-center has-secondary-color has-text-color has-x-small-font-size\"><a href=\"https:\/\/web.facebook.com\/share\/p\/1B4kMmcXLE\/\"><mark style=\"background-color:rgba(0, 0, 0, 0)\" class=\"has-inline-color has-secondary-color\">(Lire la suite<\/mark>)<\/a><\/p>\n<\/div>\n<\/div>\n\n\n\n<div style=\"height:34px\" aria-hidden=\"true\" class=\"wp-block-spacer\"><\/div>\n","protected":false},"excerpt":{"rendered":"<p>SUIVEZ NOTRE CHA\u00ceNE WHATSAPP Les maladies cardiovasculaires sont devenues la premi\u00e8re cause de mortalit\u00e9 dans le monde et la deuxi\u00e8me en Afrique. Chaque ann\u00e9e plus de 17.000.000 de personnes meurent de cette maladie. Suivez notre cha\u00eene Whatsapp Fondation c\u0153ur et vie et soyez les premiers inform\u00e9s des diff\u00e9rentes actualit\u00e9s et b\u00e9n\u00e9ficiez de conseils d\u2019expert pour &hellip; <\/p>\n<p class=\"link-more\"><a href=\"https:\/\/www.coeuretvie.org\/index.php\/actu\/\" class=\"more-link\">Lire la suite de<span class=\"screen-reader-text\">\u00ab\u00a0Actualit\u00e9s\u00a0\u00bb<\/span><\/a><\/p>\n","protected":false},"author":1,"featured_media":238,"parent":0,"menu_order":0,"comment_status":"closed","ping_status":"closed","template":"","meta":{"_uag_custom_page_level_css":"","footnotes":""},"uagb_featured_image_src":{"full":["https:\/\/www.coeuretvie.org\/wp-content\/uploads\/2024\/02\/Actualites-e1708511191202.webp",570,314,false],"thumbnail":["https:\/\/www.coeuretvie.org\/wp-content\/uploads\/2024\/02\/Actualites-e1708511191202-150x150.webp",150,150,true],"medium":["https:\/\/www.coeuretvie.org\/wp-content\/uploads\/2024\/02\/Actualites-e1708511191202-300x165.webp",300,165,true],"medium_large":["https:\/\/www.coeuretvie.org\/wp-content\/uploads\/2024\/02\/Actualites-e1708511191202.webp",570,314,false],"large":["https:\/\/www.coeuretvie.org\/wp-content\/uploads\/2024\/02\/Actualites-e1708511191202.webp",570,314,false],"1536x1536":["https:\/\/www.coeuretvie.org\/wp-content\/uploads\/2024\/02\/Actualites-e1708511191202.webp",570,314,false],"2048x2048":["https:\/\/www.coeuretvie.org\/wp-content\/uploads\/2024\/02\/Actualites-e1708511191202.webp",570,314,false],"inspiro-featured-image":["https:\/\/www.coeuretvie.org\/wp-content\/uploads\/2024\/02\/Actualites-e1708511191202.webp",570,314,false],"inspiro-loop":["https:\/\/www.coeuretvie.org\/wp-content\/uploads\/2024\/02\/Actualites-600x320.webp",600,320,true],"inspiro-loop@2x":["https:\/\/www.coeuretvie.org\/wp-content\/uploads\/2024\/02\/Actualites-e1708511191202.webp",570,314,false]},"uagb_author_info":{"display_name":"focev211","author_link":"https:\/\/www.coeuretvie.org\/index.php\/author\/focev211\/"},"uagb_comment_info":0,"uagb_excerpt":"SUIVEZ NOTRE CHA\u00ceNE WHATSAPP Les maladies cardiovasculaires sont devenues la premi\u00e8re cause de mortalit\u00e9 dans le monde et la deuxi\u00e8me en Afrique. Chaque ann\u00e9e plus de 17.000.000 de personnes meurent de cette maladie. Suivez notre cha\u00eene Whatsapp Fondation c\u0153ur et vie et soyez les premiers inform\u00e9s des diff\u00e9rentes actualit\u00e9s et b\u00e9n\u00e9ficiez de conseils d\u2019expert pour\u2026","_links":{"self":[{"href":"https:\/\/www.coeuretvie.org\/index.php\/wp-json\/wp\/v2\/pages\/249"}],"collection":[{"href":"https:\/\/www.coeuretvie.org\/index.php\/wp-json\/wp\/v2\/pages"}],"about":[{"href":"https:\/\/www.coeuretvie.org\/index.php\/wp-json\/wp\/v2\/types\/page"}],"author":[{"embeddable":true,"href":"https:\/\/www.coeuretvie.org\/index.php\/wp-json\/wp\/v2\/users\/1"}],"replies":[{"embeddable":true,"href":"https:\/\/www.coeuretvie.org\/index.php\/wp-json\/wp\/v2\/comments?post=249"}],"version-history":[{"count":18,"href":"https:\/\/www.coeuretvie.org\/index.php\/wp-json\/wp\/v2\/pages\/249\/revisions"}],"predecessor-version":[{"id":1189,"href":"https:\/\/www.coeuretvie.org\/index.php\/wp-json\/wp\/v2\/pages\/249\/revisions\/1189"}],"wp:featuredmedia":[{"embeddable":true,"href":"https:\/\/www.coeuretvie.org\/index.php\/wp-json\/wp\/v2\/media\/238"}],"wp:attachment":[{"href":"https:\/\/www.coeuretvie.org\/index.php\/wp-json\/wp\/v2\/media?parent=249"}],"curies":[{"name":"wp","href":"https:\/\/api.w.org\/{rel}","templated":true}]}}