{"id":277,"date":"2024-02-21T19:57:55","date_gmt":"2024-02-21T18:57:55","guid":{"rendered":"https:\/\/www.coeuretvie.org\/?page_id=277"},"modified":"2025-07-21T13:54:06","modified_gmt":"2025-07-21T12:54:06","slug":"formation-en-premiers-secours","status":"publish","type":"page","link":"https:\/\/www.coeuretvie.org\/index.php\/formation-en-premiers-secours\/","title":{"rendered":"FORMATION EN PREMIERS SECOURS"},"content":{"rendered":"\n<div class=\"wp-block-group has-global-padding is-layout-constrained wp-block-group-is-layout-constrained\">\n<div style=\"height:10px\" aria-hidden=\"true\" class=\"wp-block-spacer\"><\/div>\n<\/div>\n\n\n\n<div class=\"wp-block-group alignfull pattern_multiple_covers has-background has-global-padding is-layout-constrained wp-block-group-is-layout-constrained\" id=\"services\" style=\"background-color:#f8f8f8\">\n<h2 class=\"wp-block-heading has-text-align-left\"><mark style=\"background-color:rgba(0, 0, 0, 0);color:#f60909\" class=\"has-inline-color\">Des t\u00e9moins <\/mark><mark style=\"background-color:rgba(0, 0, 0, 0);color:#f60101\" class=\"has-inline-color\">impuissants<\/mark><\/h2>\n\n\n\n<p class=\"has-text-align-left\">Face \u00e0 une urgence m\u00e9dicale, les t\u00e9moins se trouvent g\u00e9n\u00e9ralement dans l&#8217;embarras et ne savent pas quoi faire.  Plus de 100&nbsp;000 personnes meurent pr\u00e9matur\u00e9ment apr\u00e8s un accident alors que pr\u00e8s de 7 fois sur 10, ces accidents surviennent devant un t\u00e9moin. Lors d&rsquo;un arr\u00eat cardiaque, 4 victimes sur 5 qui survivent  ont b\u00e9n\u00e9fici\u00e9 des gestes simples pratiqu\u00e9s par le premier t\u00e9moin. C\u2019est donc pourquoi nous avons pens\u00e9 \u00e0 initier des formations en  <strong>premiers secours<\/strong>.<\/p>\n\n\n\n<div style=\"height:9px\" aria-hidden=\"true\" class=\"wp-block-spacer\"><\/div>\n\n\n\n<div class=\"wp-block-columns is-layout-flex wp-container-core-columns-layout-1 wp-block-columns-is-layout-flex\">\n<div class=\"wp-block-column is-layout-flow wp-block-column-is-layout-flow\" style=\"padding-top:0;padding-right:0;padding-bottom:0;padding-left:0\">\n<div class=\"wp-block-cover\" style=\"min-height:309px\"><span aria-hidden=\"true\" class=\"wp-block-cover__background has-background-dim\"><\/span><img loading=\"lazy\" decoding=\"async\" width=\"1024\" height=\"768\" class=\"wp-block-cover__image-background wp-image-1462\" alt=\"\" src=\"https:\/\/www.coeuretvie.org\/wp-content\/uploads\/2025\/07\/WhatsApp-Image-2025-07-03-at-11.39.44-AM-1024x768.jpeg\" data-object-fit=\"cover\" srcset=\"https:\/\/www.coeuretvie.org\/wp-content\/uploads\/2025\/07\/WhatsApp-Image-2025-07-03-at-11.39.44-AM-1024x768.jpeg 1024w, https:\/\/www.coeuretvie.org\/wp-content\/uploads\/2025\/07\/WhatsApp-Image-2025-07-03-at-11.39.44-AM-300x225.jpeg 300w, https:\/\/www.coeuretvie.org\/wp-content\/uploads\/2025\/07\/WhatsApp-Image-2025-07-03-at-11.39.44-AM.jpeg 1280w\" sizes=\"(max-width: 1024px) 100vw, 1024px\" \/><div class=\"wp-block-cover__inner-container is-layout-flow wp-block-cover-is-layout-flow\">\n<p class=\"has-text-align-center has-large-font-size\"><\/p>\n\n\n\n<p><\/p>\n\n\n\n<p><\/p>\n\n\n\n<p><\/p>\n\n\n\n<p class=\"has-secondary-color has-text-color has-link-color has-medium-font-size wp-elements-0b491f1d06246d37b8c5b9dfcd17324e\"><a href=\"https:\/\/www.facebook.com\/share\/p\/1552ZRdYRz\/\">EN SAVOIR PLUS\u2192 <\/a><\/p>\n<\/div><\/div>\n<\/div>\n\n\n\n<div class=\"wp-block-column is-layout-flow wp-block-column-is-layout-flow\" style=\"padding-top:0;padding-right:0;padding-bottom:0;padding-left:0\">\n<div class=\"wp-block-cover is-light\" style=\"min-height:309px\"><span aria-hidden=\"true\" class=\"wp-block-cover__background has-background-dim\"><\/span><img loading=\"lazy\" decoding=\"async\" width=\"1280\" height=\"960\" class=\"wp-block-cover__image-background wp-image-1467\" alt=\"\" src=\"https:\/\/www.coeuretvie.org\/wp-content\/uploads\/2025\/07\/487355704_972174848400286_760637527582107701_n.jpg\" data-object-fit=\"cover\" srcset=\"https:\/\/www.coeuretvie.org\/wp-content\/uploads\/2025\/07\/487355704_972174848400286_760637527582107701_n.jpg 1280w, https:\/\/www.coeuretvie.org\/wp-content\/uploads\/2025\/07\/487355704_972174848400286_760637527582107701_n-300x225.jpg 300w, https:\/\/www.coeuretvie.org\/wp-content\/uploads\/2025\/07\/487355704_972174848400286_760637527582107701_n-1024x768.jpg 1024w\" sizes=\"(max-width: 1280px) 100vw, 1280px\" \/><div class=\"wp-block-cover__inner-container is-layout-flow wp-block-cover-is-layout-flow\">\n<p class=\"has-text-align-center has-large-font-size\"><\/p>\n\n\n\n<p><\/p>\n\n\n\n<p><\/p>\n\n\n\n<p><\/p>\n\n\n\n<p class=\"has-secondary-color has-text-color has-link-color has-medium-font-size wp-elements-1251e5d455f56f548246bfc0ea9cad7e\"><a href=\"https:\/\/www.facebook.com\/share\/p\/1B8w9Zaz2K\/\">EN SAVOIR PLUS\u2192 <\/a><\/p>\n<\/div><\/div>\n<\/div>\n\n\n\n<div class=\"wp-block-column is-layout-flow wp-block-column-is-layout-flow\" style=\"padding-top:0;padding-right:0;padding-bottom:0;padding-left:0\"><\/div>\n<\/div>\n\n\n\n<div style=\"height:43px\" aria-hidden=\"true\" class=\"wp-block-spacer\"><\/div>\n<\/div>\n\n\n\n<div class=\"wp-block-group alignfull has-global-padding is-layout-constrained wp-block-group-is-layout-constrained\">\n<div class=\"wp-block-group has-global-padding is-layout-constrained wp-block-group-is-layout-constrained\" style=\"padding-top:var(--wp--preset--spacing--small);padding-bottom:var(--wp--preset--spacing--small)\">\n<div class=\"wp-block-columns is-layout-flex wp-container-core-columns-layout-2 wp-block-columns-is-layout-flex\">\n<div class=\"wp-block-column is-vertically-aligned-center is-layout-flow wp-block-column-is-layout-flow\">\n<h2 class=\"wp-block-heading has-medium-font-size\" style=\"text-transform:uppercase\"><mark style=\"background-color:#101010\" class=\"has-inline-color has-background-color\">VOUS POUVEZ AUSSI VOUS FAIRE FORMER<\/mark><\/h2>\n\n\n\n<p>Avoir une formation en premiers secours est primordial pour les employ\u00e9s d&rsquo;entreprises, le personnel m\u00e9dical, les enseignants et le grand public dans les pays \u00e0 ressources limit\u00e9es o\u00f9 les ambulances viennent souvent lorsqu&rsquo;il est trop tard. Faites-vous former d\u00e8s maintenant.<\/p>\n\n\n\n<div class=\"wp-block-buttons is-horizontal is-content-justification-left is-layout-flex wp-container-core-buttons-layout-1 wp-block-buttons-is-layout-flex\">\n<div class=\"wp-block-button is-style-outline\"><a class=\"wp-block-button__link has-white-color has-text-color has-background has-link-color wp-element-button\" href=\"https:\/\/www.coeuretvie.org\/index.php\/contact-2\/\" style=\"border-radius:0px;background-color:#f90707\"><strong>CONTACT US<\/strong><\/a><\/div>\n<\/div>\n\n\n\n<p class=\"has-x-small-font-size\"><a href=\"https:\/\/www.coeuretvie.org\/index.php\/contact-2\/\" data-type=\"page\" data-id=\"12\">Pour plus d&rsquo;informations sur les dates des prochaines formations<\/a><\/p>\n<\/div>\n\n\n\n<div class=\"wp-block-column is-layout-flow wp-block-column-is-layout-flow\">\n<figure class=\"wp-block-video\"><video controls poster=\"https:\/\/www.coeuretvie.org\/wp-content\/uploads\/2024\/02\/image00007-scaled.jpg\" src=\"https:\/\/www.coeuretvie.org\/wp-content\/uploads\/2024\/02\/VIDEO-DE-FORMATION.mp4\"><\/video><figcaption class=\"wp-element-caption\"><strong>Phase pratique de formation au centre m\u00e9dical FAKO HEART CENTRE de Buea<\/strong> <\/figcaption><\/figure>\n<\/div>\n<\/div>\n\n\n\n<div style=\"height:30px\" aria-hidden=\"true\" class=\"wp-block-spacer\"><\/div>\n<\/div>\n<\/div>\n\n\n\n<div class=\"wp-block-group alignfull has-background has-global-padding is-layout-constrained wp-block-group-is-layout-constrained\" style=\"background-color:#f8f8f8\"><\/div>\n","protected":false},"excerpt":{"rendered":"<p>Des t\u00e9moins impuissants Face \u00e0 une urgence m\u00e9dicale, les t\u00e9moins se trouvent g\u00e9n\u00e9ralement dans l&#8217;embarras et ne savent pas quoi faire. Plus de 100&nbsp;000 personnes meurent pr\u00e9matur\u00e9ment apr\u00e8s un accident alors que pr\u00e8s de 7 fois sur 10, ces accidents surviennent devant un t\u00e9moin. Lors d&rsquo;un arr\u00eat cardiaque, 4 victimes sur 5 qui survivent ont &hellip; <\/p>\n<p class=\"link-more\"><a href=\"https:\/\/www.coeuretvie.org\/index.php\/formation-en-premiers-secours\/\" class=\"more-link\">Lire la suite de<span class=\"screen-reader-text\">\u00ab\u00a0FORMATION EN PREMIERS SECOURS\u00a0\u00bb<\/span><\/a><\/p>\n","protected":false},"author":1,"featured_media":136,"parent":0,"menu_order":0,"comment_status":"closed","ping_status":"closed","template":"","meta":{"_uag_custom_page_level_css":"","footnotes":""},"uagb_featured_image_src":{"full":["https:\/\/www.coeuretvie.org\/wp-content\/uploads\/2024\/02\/image00007-scaled.jpg",2560,1707,false],"thumbnail":["https:\/\/www.coeuretvie.org\/wp-content\/uploads\/2024\/02\/image00007-150x150.jpg",150,150,true],"medium":["https:\/\/www.coeuretvie.org\/wp-content\/uploads\/2024\/02\/image00007-300x200.jpg",300,200,true],"medium_large":["https:\/\/www.coeuretvie.org\/wp-content\/uploads\/2024\/02\/image00007-scaled.jpg",768,512,false],"large":["https:\/\/www.coeuretvie.org\/wp-content\/uploads\/2024\/02\/image00007-1024x683.jpg",950,634,true],"1536x1536":["https:\/\/www.coeuretvie.org\/wp-content\/uploads\/2024\/02\/image00007-scaled-1536x1024.jpg",1536,1024,true],"2048x2048":["https:\/\/www.coeuretvie.org\/wp-content\/uploads\/2024\/02\/image00007-scaled-2048x1366.jpg",2048,1366,true],"inspiro-featured-image":["https:\/\/www.coeuretvie.org\/wp-content\/uploads\/2024\/02\/image00007-2000x1333.jpg",2000,1333,true],"inspiro-loop":["https:\/\/www.coeuretvie.org\/wp-content\/uploads\/2024\/02\/image00007-950x320.jpg",950,320,true],"inspiro-loop@2x":["https:\/\/www.coeuretvie.org\/wp-content\/uploads\/2024\/02\/image00007-1900x640.jpg",1900,640,true]},"uagb_author_info":{"display_name":"focev211","author_link":"https:\/\/www.coeuretvie.org\/index.php\/author\/focev211\/"},"uagb_comment_info":0,"uagb_excerpt":"Des t\u00e9moins impuissants Face \u00e0 une urgence m\u00e9dicale, les t\u00e9moins se trouvent g\u00e9n\u00e9ralement dans l&#8217;embarras et ne savent pas quoi faire. Plus de 100&nbsp;000 personnes meurent pr\u00e9matur\u00e9ment apr\u00e8s un accident alors que pr\u00e8s de 7 fois sur 10, ces accidents surviennent devant un t\u00e9moin. Lors d&rsquo;un arr\u00eat cardiaque, 4 victimes sur 5 qui survivent ont\u2026","_links":{"self":[{"href":"https:\/\/www.coeuretvie.org\/index.php\/wp-json\/wp\/v2\/pages\/277"}],"collection":[{"href":"https:\/\/www.coeuretvie.org\/index.php\/wp-json\/wp\/v2\/pages"}],"about":[{"href":"https:\/\/www.coeuretvie.org\/index.php\/wp-json\/wp\/v2\/types\/page"}],"author":[{"embeddable":true,"href":"https:\/\/www.coeuretvie.org\/index.php\/wp-json\/wp\/v2\/users\/1"}],"replies":[{"embeddable":true,"href":"https:\/\/www.coeuretvie.org\/index.php\/wp-json\/wp\/v2\/comments?post=277"}],"version-history":[{"count":22,"href":"https:\/\/www.coeuretvie.org\/index.php\/wp-json\/wp\/v2\/pages\/277\/revisions"}],"predecessor-version":[{"id":1468,"href":"https:\/\/www.coeuretvie.org\/index.php\/wp-json\/wp\/v2\/pages\/277\/revisions\/1468"}],"wp:featuredmedia":[{"embeddable":true,"href":"https:\/\/www.coeuretvie.org\/index.php\/wp-json\/wp\/v2\/media\/136"}],"wp:attachment":[{"href":"https:\/\/www.coeuretvie.org\/index.php\/wp-json\/wp\/v2\/media?parent=277"}],"curies":[{"name":"wp","href":"https:\/\/api.w.org\/{rel}","templated":true}]}}