{"id":303,"date":"2024-02-23T10:35:24","date_gmt":"2024-02-23T09:35:24","guid":{"rendered":"https:\/\/www.coeuretvie.org\/?page_id=303"},"modified":"2024-02-23T15:29:11","modified_gmt":"2024-02-23T14:29:11","slug":"actu-sante","status":"publish","type":"page","link":"https:\/\/www.coeuretvie.org\/index.php\/actu-sante\/","title":{"rendered":"ACTU SANTE"},"content":{"rendered":"\n<div class=\"wp-block-group has-global-padding is-layout-constrained wp-block-group-is-layout-constrained\">\n<div style=\"height:8px\" aria-hidden=\"true\" class=\"wp-block-spacer\"><\/div>\n<\/div>\n\n\n\n<div class=\"wp-block-group alignfull pattern_multiple_covers has-background has-global-padding is-layout-constrained wp-block-group-is-layout-constrained\" id=\"services\" style=\"background-color:#f8f8f8\">\n<div style=\"height:15px\" aria-hidden=\"true\" class=\"wp-block-spacer\"><\/div>\n\n\n\n<p class=\"has-text-align-left has-secondary-color has-text-color\" style=\"letter-spacing:1px\">LET&rsquo;S LOVE SCIENCE<\/p>\n\n\n\n<h2 class=\"wp-block-heading has-text-align-left\">Notre proposition d&rsquo;articles \u00e0 lire de la semaine<\/h2>\n\n\n\n<p class=\"has-text-align-left\">Chaque semaine, notre comit\u00e9 scientifique vous propose 3 articles scientifiques qui nous ont marqu\u00e9s.<\/p>\n\n\n\n<div style=\"height:12px\" aria-hidden=\"true\" class=\"wp-block-spacer\"><\/div>\n\n\n\n<div class=\"wp-block-columns is-layout-flex wp-container-core-columns-layout-1 wp-block-columns-is-layout-flex\">\n<div class=\"wp-block-column is-layout-flow wp-block-column-is-layout-flow\" style=\"padding-top:0;padding-right:0;padding-bottom:0;padding-left:0\">\n<div class=\"wp-block-cover has-custom-content-position is-position-bottom-left\" style=\"padding-top:var(--wp--preset--spacing--small);padding-right:var(--wp--preset--spacing--x-small);padding-bottom:var(--wp--preset--spacing--small);padding-left:var(--wp--preset--spacing--x-small)\"><span aria-hidden=\"true\" class=\"wp-block-cover__background has-primary-background-color has-background-dim-70 has-background-dim\"><\/span><img loading=\"lazy\" decoding=\"async\" width=\"640\" height=\"360\" class=\"wp-block-cover__image-background wp-image-309\" alt=\"\" src=\"https:\/\/www.coeuretvie.org\/wp-content\/uploads\/2024\/02\/MMM.jpg\" data-object-fit=\"cover\" srcset=\"https:\/\/www.coeuretvie.org\/wp-content\/uploads\/2024\/02\/MMM.jpg 640w, https:\/\/www.coeuretvie.org\/wp-content\/uploads\/2024\/02\/MMM-300x169.jpg 300w\" sizes=\"(max-width: 640px) 100vw, 640px\" \/><div class=\"wp-block-cover__inner-container is-layout-flow wp-block-cover-is-layout-flow\">\n<h3 class=\"wp-block-heading has-white-color has-text-color has-small-font-size\" style=\"margin-top:0;margin-right:0;margin-bottom:0;margin-left:0\">MMM17-Cameroon, analysis, and opportunities<\/h3>\n\n\n\n<h3 class=\"wp-block-heading has-white-color has-text-color has-small-font-size\" style=\"margin-top:0;margin-right:0;margin-bottom:0;margin-left:0\">Sub-Saharan Africa<\/h3>\n\n\n\n<p class=\"has-secondary-color has-text-color has-link-color wp-elements-aa4d746380e5c86d2cb3617adc027d00\" style=\"margin-top:0;margin-right:0;margin-bottom:0;margin-left:0\"><a href=\"https:\/\/www.ncbi.nlm.nih.gov\/pmc\/articles\/PMC6479431\/\" data-type=\"link\" data-id=\"https:\/\/www.ncbi.nlm.nih.gov\/pmc\/articles\/PMC6479431\/\">Explore more \u2192<\/a><\/p>\n<\/div><\/div>\n<\/div>\n\n\n\n<div class=\"wp-block-column is-layout-flow wp-block-column-is-layout-flow\" style=\"padding-top:0;padding-right:0;padding-bottom:0;padding-left:0\">\n<div class=\"wp-block-cover has-custom-content-position is-position-bottom-left\" style=\"padding-top:var(--wp--preset--spacing--small);padding-right:var(--wp--preset--spacing--x-small);padding-bottom:var(--wp--preset--spacing--small);padding-left:var(--wp--preset--spacing--x-small)\"><span aria-hidden=\"true\" class=\"wp-block-cover__background has-primary-background-color has-background-dim-70 has-background-dim\"><\/span><img loading=\"lazy\" decoding=\"async\" width=\"275\" height=\"183\" class=\"wp-block-cover__image-background wp-image-310\" alt=\"\" src=\"https:\/\/www.coeuretvie.org\/wp-content\/uploads\/2024\/02\/HEAT-WAVE.jpg\" data-object-fit=\"cover\"\/><div class=\"wp-block-cover__inner-container is-layout-flow wp-block-cover-is-layout-flow\">\n<h3 class=\"wp-block-heading has-white-color has-text-color has-small-font-size\" style=\"margin-top:0;margin-right:0;margin-bottom:0;margin-left:0\">Impact de diff\u00e9rentes vagues de chaleur sur la mortalit\u00e9 journali\u00e8re au S\u00e9n\u00e9gal<\/h3>\n\n\n\n<p class=\"has-secondary-color has-text-color has-link-color wp-elements-1248eee4f28a0ad901c2efffd23008cb\" style=\"margin-top:0;margin-right:0;margin-bottom:0;margin-left:0\"><a href=\"https:\/\/www.ncbi.nlm.nih.gov\/pmc\/articles\/PMC8021182\/\" data-type=\"link\" data-id=\"https:\/\/www.ncbi.nlm.nih.gov\/pmc\/articles\/PMC8021182\/\">Explore more \u2192<\/a><\/p>\n<\/div><\/div>\n<\/div>\n\n\n\n<div class=\"wp-block-column is-layout-flow wp-block-column-is-layout-flow\" style=\"padding-top:0;padding-right:0;padding-bottom:0;padding-left:0\">\n<div class=\"wp-block-cover has-custom-content-position is-position-bottom-left\" style=\"padding-top:var(--wp--preset--spacing--small);padding-right:var(--wp--preset--spacing--x-small);padding-bottom:var(--wp--preset--spacing--small);padding-left:var(--wp--preset--spacing--x-small)\"><span aria-hidden=\"true\" class=\"wp-block-cover__background has-primary-background-color has-background-dim-70 has-background-dim\"><\/span><img loading=\"lazy\" decoding=\"async\" width=\"299\" height=\"168\" class=\"wp-block-cover__image-background wp-image-312\" alt=\"\" src=\"https:\/\/www.coeuretvie.org\/wp-content\/uploads\/2024\/02\/Obesite.jpg\" data-object-fit=\"cover\"\/><div class=\"wp-block-cover__inner-container is-layout-flow wp-block-cover-is-layout-flow\">\n<h3 class=\"wp-block-heading has-white-color has-text-color has-small-font-size\" style=\"margin-top:0;margin-right:0;margin-bottom:0;margin-left:0\">Ob\u00e9sit\u00e9 et Hypertension art\u00e9rielle: Mod\u00e8les r\u00e9gionaux<\/h3>\n\n\n\n<p class=\"has-secondary-color has-text-color has-link-color wp-elements-83987a49f743433222ca01323287874d\" style=\"margin-top:0;margin-right:0;margin-bottom:0;margin-left:0\"><a href=\"https:\/\/www.ncbi.nlm.nih.gov\/pmc\/articles\/PMC7176339\/\" data-type=\"link\" data-id=\"https:\/\/www.ncbi.nlm.nih.gov\/pmc\/articles\/PMC7176339\/\">Explore more \u2192<\/a><\/p>\n<\/div><\/div>\n<\/div>\n<\/div>\n\n\n\n<div style=\"height:52px\" aria-hidden=\"true\" class=\"wp-block-spacer\"><\/div>\n<\/div>\n\n\n\n<div class=\"wp-block-group alignfull has-global-padding is-layout-constrained wp-block-group-is-layout-constrained\">\n<div class=\"wp-block-group has-global-padding is-layout-constrained wp-block-group-is-layout-constrained\" style=\"padding-top:var(--wp--preset--spacing--small);padding-bottom:var(--wp--preset--spacing--small)\">\n<div style=\"height:30px\" aria-hidden=\"true\" class=\"wp-block-spacer\"><\/div>\n\n\n\n<div class=\"wp-block-columns is-layout-flex wp-container-core-columns-layout-2 wp-block-columns-is-layout-flex\">\n<div class=\"wp-block-column is-vertically-aligned-center is-layout-flow wp-block-column-is-layout-flow\">\n<h2 class=\"wp-block-heading has-medium-font-size\" style=\"text-transform:uppercase\"><mark style=\"background-color:rgba(0, 0, 0, 0);color:#f70808\" class=\"has-inline-color\">r\u00e9sultats deS campagnes de depistage de la focev en 2022<\/mark><\/h2>\n\n\n\n<p class=\"has-x-small-font-size\"> Au cours de l&rsquo;ann\u00e9e 2022, nous nous sommes d\u00e9ploy\u00e9s dans 05 r\u00e9gions du Cameroun (Centre, Est, Littoral, Ouest et Sud-Ouest) pour sensibiliser et d\u00e9pister les facteurs de risques cardiovasculaires. Comme le pr\u00e9sente les statistiques,<strong> la situation est grave<\/strong>. <\/p>\n\n\n\n<p class=\"has-x-small-font-size\">Dans notre \u00e9chantillon repr\u00e9sentatif de la population (N=1530), l&rsquo;ob\u00e9sit\u00e9 affecte pr\u00e8s de <strong>4 personnes sur 10<\/strong>; de m\u00eame que l&rsquo;hypertension art\u00e9rielle qui touche aussi pr\u00e8s de <strong>4 personnes sur 10<\/strong>. Le diab\u00e8te atteint d\u00e9j\u00e0 plus de 10% de la population adulte (soit 3 fois la pr\u00e9valence actuelle du VIH au Cameroun).<\/p>\n\n\n\n<p class=\"has-x-small-font-size\">Si les mesures pr\u00e9ventives ne sont pas prises le plus t\u00f4t possible bient\u00f4t 1 camerounais sur 2 aura l&rsquo;hypertension art\u00e9rielle et sera ob\u00e8se, ce qui entrainera des hauts risques de complications cardiovasculaires (AVC&#8230;) et donc une hausse de la mortalit\u00e9.<\/p>\n\n\n\n<p class=\"has-x-small-font-size\"><strong><a href=\"https:\/\/www.coeuretvie.org\/index.php\/nous-rejoindre\/\" data-type=\"page\" data-id=\"208\">Agissons maintenant et luttons ensemble contre les maladies cardiovasculaires.<\/a><\/strong><\/p>\n<\/div>\n\n\n\n<div class=\"wp-block-column is-layout-flow wp-block-column-is-layout-flow\">\n<figure data-wp-context=\"{ &quot;core&quot;:\n\t\t\t\t{ &quot;image&quot;:\n\t\t\t\t\t{   &quot;imageLoaded&quot;: false,\n\t\t\t\t\t\t&quot;initialized&quot;: false,\n\t\t\t\t\t\t&quot;lightboxEnabled&quot;: false,\n\t\t\t\t\t\t&quot;hideAnimationEnabled&quot;: false,\n\t\t\t\t\t\t&quot;preloadInitialized&quot;: false,\n\t\t\t\t\t\t&quot;lightboxAnimation&quot;: &quot;zoom&quot;,\n\t\t\t\t\t\t&quot;imageUploadedSrc&quot;: &quot;https:\/\/www.coeuretvie.org\/wp-content\/uploads\/2024\/02\/STATISTIQUES-CAMPAGNES-2022.png&quot;,\n\t\t\t\t\t\t&quot;imageCurrentSrc&quot;: &quot;&quot;,\n\t\t\t\t\t\t&quot;targetWidth&quot;: &quot;1653&quot;,\n\t\t\t\t\t\t&quot;targetHeight&quot;: &quot;993&quot;,\n\t\t\t\t\t\t&quot;scaleAttr&quot;: &quot;&quot;,\n\t\t\t\t\t\t&quot;dialogLabel&quot;: &quot;Image agrandie&quot;\n\t\t\t\t\t}\n\t\t\t\t}\n\t\t\t}\" data-wp-interactive class=\"wp-block-image size-full wp-lightbox-container\"><img loading=\"lazy\" decoding=\"async\" width=\"1653\" height=\"993\" data-wp-effect--setStylesOnResize=\"effects.core.image.setStylesOnResize\" data-wp-effect=\"effects.core.image.setButtonStyles\" data-wp-init=\"effects.core.image.initOriginImage\" data-wp-on--click=\"actions.core.image.showLightbox\" data-wp-on--load=\"actions.core.image.handleLoad\" src=\"https:\/\/www.coeuretvie.org\/wp-content\/uploads\/2024\/02\/STATISTIQUES-CAMPAGNES-2022.png\" alt=\"\" class=\"wp-image-314\" srcset=\"https:\/\/www.coeuretvie.org\/wp-content\/uploads\/2024\/02\/STATISTIQUES-CAMPAGNES-2022.png 1653w, https:\/\/www.coeuretvie.org\/wp-content\/uploads\/2024\/02\/STATISTIQUES-CAMPAGNES-2022-300x180.png 300w, https:\/\/www.coeuretvie.org\/wp-content\/uploads\/2024\/02\/STATISTIQUES-CAMPAGNES-2022-1024x615.png 1024w\" sizes=\"(max-width: 1653px) 100vw, 1653px\" \/><button\n\t\t\tclass=\"lightbox-trigger\"\n\t\t\ttype=\"button\"\n\t\t\taria-haspopup=\"dialog\"\n\t\t\taria-label=\"Agrandir l\u2018image\"\n\t\t\tdata-wp-on--click=\"actions.core.image.showLightbox\"\n\t\t\tdata-wp-style--right=\"context.core.image.imageButtonRight\"\n\t\t\tdata-wp-style--top=\"context.core.image.imageButtonTop\"\n\t\t>\n\t\t\t<svg xmlns=\"http:\/\/www.w3.org\/2000\/svg\" width=\"12\" height=\"12\" fill=\"none\" viewBox=\"0 0 12 12\">\n\t\t\t\t<path fill=\"#fff\" d=\"M2 0a2 2 0 0 0-2 2v2h1.5V2a.5.5 0 0 1 .5-.5h2V0H2Zm2 10.5H2a.5.5 0 0 1-.5-.5V8H0v2a2 2 0 0 0 2 2h2v-1.5ZM8 12v-1.5h2a.5.5 0 0 0 .5-.5V8H12v2a2 2 0 0 1-2 2H8Zm2-12a2 2 0 0 1 2 2v2h-1.5V2a.5.5 0 0 0-.5-.5H8V0h2Z\" \/>\n\t\t\t<\/svg>\n\t\t<\/button>        <div data-wp-body=\"\" class=\"wp-lightbox-overlay zoom\"\n            data-wp-bind--role=\"selectors.core.image.roleAttribute\"\n            data-wp-bind--aria-label=\"selectors.core.image.dialogLabel\"\n            data-wp-class--initialized=\"context.core.image.initialized\"\n            data-wp-class--active=\"context.core.image.lightboxEnabled\"\n            data-wp-class--hideAnimationEnabled=\"context.core.image.hideAnimationEnabled\"\n            data-wp-bind--aria-modal=\"selectors.core.image.ariaModal\"\n            data-wp-effect=\"effects.core.image.initLightbox\"\n            data-wp-on--keydown=\"actions.core.image.handleKeydown\"\n            data-wp-on--touchstart=\"actions.core.image.handleTouchStart\"\n            data-wp-on--touchmove=\"actions.core.image.handleTouchMove\"\n            data-wp-on--touchend=\"actions.core.image.handleTouchEnd\"\n            data-wp-on--click=\"actions.core.image.hideLightbox\"\n            tabindex=\"-1\"\n            >\n                <button type=\"button\" aria-label=\"Fermer\" style=\"fill: #000\" class=\"close-button\" data-wp-on--click=\"actions.core.image.hideLightbox\">\n                    <svg xmlns=\"http:\/\/www.w3.org\/2000\/svg\" viewBox=\"0 0 24 24\" width=\"20\" height=\"20\" aria-hidden=\"true\" focusable=\"false\"><path d=\"M13 11.8l6.1-6.3-1-1-6.1 6.2-6.1-6.2-1 1 6.1 6.3-6.5 6.7 1 1 6.5-6.6 6.5 6.6 1-1z\"><\/path><\/svg>\n                <\/button>\n                <div class=\"lightbox-image-container\">\n<figure class=\"wp-block-image size-full responsive-image\"><img decoding=\"async\" data-wp-bind--src=\"context.core.image.imageCurrentSrc\" data-wp-style--object-fit=\"selectors.core.image.lightboxObjectFit\" src=\"\" alt=\"\" class=\"wp-image-314\"\/><\/figure>\n<\/div>\n                <div class=\"lightbox-image-container\">\n<figure class=\"wp-block-image size-full enlarged-image\"><img decoding=\"async\" data-wp-bind--src=\"selectors.core.image.enlargedImgSrc\" data-wp-style--object-fit=\"selectors.core.image.lightboxObjectFit\" src=\"\" alt=\"\" class=\"wp-image-314\"\/><\/figure>\n<\/div>\n                <div class=\"scrim\" style=\"background-color: #fff\" aria-hidden=\"true\"><\/div>\n        <\/div><\/figure>\n<\/div>\n<\/div>\n\n\n\n<div style=\"height:30px\" aria-hidden=\"true\" class=\"wp-block-spacer\"><\/div>\n<\/div>\n<\/div>\n\n\n\n<div id=\"partners\" class=\"wp-block-group has-global-padding is-content-justification-center is-layout-constrained wp-container-core-group-layout-5 wp-block-group-is-layout-constrained\">\n<div style=\"height:32px\" aria-hidden=\"true\" class=\"wp-block-spacer\"><\/div>\n<\/div>\n","protected":false},"excerpt":{"rendered":"<p>LET&rsquo;S LOVE SCIENCE Notre proposition d&rsquo;articles \u00e0 lire de la semaine Chaque semaine, notre comit\u00e9 scientifique vous propose 3 articles scientifiques qui nous ont marqu\u00e9s. r\u00e9sultats deS campagnes de depistage de la focev en 2022 Au cours de l&rsquo;ann\u00e9e 2022, nous nous sommes d\u00e9ploy\u00e9s dans 05 r\u00e9gions du Cameroun (Centre, Est, Littoral, Ouest et Sud-Ouest) &hellip; <\/p>\n<p class=\"link-more\"><a href=\"https:\/\/www.coeuretvie.org\/index.php\/actu-sante\/\" class=\"more-link\">Lire la suite de<span class=\"screen-reader-text\">\u00ab\u00a0ACTU SANTE\u00a0\u00bb<\/span><\/a><\/p>\n","protected":false},"author":1,"featured_media":318,"parent":0,"menu_order":0,"comment_status":"closed","ping_status":"closed","template":"","meta":{"_uag_custom_page_level_css":"","footnotes":""},"uagb_featured_image_src":{"full":["https:\/\/www.coeuretvie.org\/wp-content\/uploads\/2024\/02\/Actu-sante.jpg",680,383,false],"thumbnail":["https:\/\/www.coeuretvie.org\/wp-content\/uploads\/2024\/02\/Actu-sante-150x150.jpg",150,150,true],"medium":["https:\/\/www.coeuretvie.org\/wp-content\/uploads\/2024\/02\/Actu-sante-300x169.jpg",300,169,true],"medium_large":["https:\/\/www.coeuretvie.org\/wp-content\/uploads\/2024\/02\/Actu-sante.jpg",680,383,false],"large":["https:\/\/www.coeuretvie.org\/wp-content\/uploads\/2024\/02\/Actu-sante.jpg",680,383,false],"1536x1536":["https:\/\/www.coeuretvie.org\/wp-content\/uploads\/2024\/02\/Actu-sante.jpg",680,383,false],"2048x2048":["https:\/\/www.coeuretvie.org\/wp-content\/uploads\/2024\/02\/Actu-sante.jpg",680,383,false],"inspiro-featured-image":["https:\/\/www.coeuretvie.org\/wp-content\/uploads\/2024\/02\/Actu-sante.jpg",680,383,false],"inspiro-loop":["https:\/\/www.coeuretvie.org\/wp-content\/uploads\/2024\/02\/Actu-sante-680x320.jpg",680,320,true],"inspiro-loop@2x":["https:\/\/www.coeuretvie.org\/wp-content\/uploads\/2024\/02\/Actu-sante.jpg",680,383,false]},"uagb_author_info":{"display_name":"focev211","author_link":"https:\/\/www.coeuretvie.org\/index.php\/author\/focev211\/"},"uagb_comment_info":0,"uagb_excerpt":"LET&rsquo;S LOVE SCIENCE Notre proposition d&rsquo;articles \u00e0 lire de la semaine Chaque semaine, notre comit\u00e9 scientifique vous propose 3 articles scientifiques qui nous ont marqu\u00e9s. r\u00e9sultats deS campagnes de depistage de la focev en 2022 Au cours de l&rsquo;ann\u00e9e 2022, nous nous sommes d\u00e9ploy\u00e9s dans 05 r\u00e9gions du Cameroun (Centre, Est, Littoral, Ouest et Sud-Ouest)\u2026","_links":{"self":[{"href":"https:\/\/www.coeuretvie.org\/index.php\/wp-json\/wp\/v2\/pages\/303"}],"collection":[{"href":"https:\/\/www.coeuretvie.org\/index.php\/wp-json\/wp\/v2\/pages"}],"about":[{"href":"https:\/\/www.coeuretvie.org\/index.php\/wp-json\/wp\/v2\/types\/page"}],"author":[{"embeddable":true,"href":"https:\/\/www.coeuretvie.org\/index.php\/wp-json\/wp\/v2\/users\/1"}],"replies":[{"embeddable":true,"href":"https:\/\/www.coeuretvie.org\/index.php\/wp-json\/wp\/v2\/comments?post=303"}],"version-history":[{"count":9,"href":"https:\/\/www.coeuretvie.org\/index.php\/wp-json\/wp\/v2\/pages\/303\/revisions"}],"predecessor-version":[{"id":321,"href":"https:\/\/www.coeuretvie.org\/index.php\/wp-json\/wp\/v2\/pages\/303\/revisions\/321"}],"wp:featuredmedia":[{"embeddable":true,"href":"https:\/\/www.coeuretvie.org\/index.php\/wp-json\/wp\/v2\/media\/318"}],"wp:attachment":[{"href":"https:\/\/www.coeuretvie.org\/index.php\/wp-json\/wp\/v2\/media?parent=303"}],"curies":[{"name":"wp","href":"https:\/\/api.w.org\/{rel}","templated":true}]}}