{"id":330,"date":"2024-02-23T16:06:35","date_gmt":"2024-02-23T15:06:35","guid":{"rendered":"https:\/\/www.coeuretvie.org\/?page_id=330"},"modified":"2024-02-23T16:56:42","modified_gmt":"2024-02-23T15:56:42","slug":"our-team","status":"publish","type":"page","link":"https:\/\/www.coeuretvie.org\/index.php\/our-team\/","title":{"rendered":"OUR TEAM"},"content":{"rendered":"\n<div class=\"wp-block-group has-border-color has-primary-border-color is-layout-flow wp-container-core-group-layout-1 wp-block-group-is-layout-flow\" style=\"border-width:1px;border-radius:8px\">\n<div class=\"wp-block-media-text is-stacked-on-mobile\"><figure class=\"wp-block-media-text__media\"><img loading=\"lazy\" decoding=\"async\" width=\"1024\" height=\"683\" src=\"https:\/\/www.coeuretvie.org\/wp-content\/uploads\/2024\/02\/289076703_2091747977651347_6361135613059023700_n-1-1024x683.jpg\" alt=\"\" class=\"wp-image-334 size-large\" srcset=\"https:\/\/www.coeuretvie.org\/wp-content\/uploads\/2024\/02\/289076703_2091747977651347_6361135613059023700_n-1-1024x683.jpg 1024w, https:\/\/www.coeuretvie.org\/wp-content\/uploads\/2024\/02\/289076703_2091747977651347_6361135613059023700_n-1-300x200.jpg 300w, https:\/\/www.coeuretvie.org\/wp-content\/uploads\/2024\/02\/289076703_2091747977651347_6361135613059023700_n-1-600x400.jpg 600w, https:\/\/www.coeuretvie.org\/wp-content\/uploads\/2024\/02\/289076703_2091747977651347_6361135613059023700_n-1.jpg 1080w\" sizes=\"(max-width: 1024px) 100vw, 1024px\" \/><\/figure><div class=\"wp-block-media-text__content\">\n<h3 class=\"wp-block-heading\">Dr Armel DJOMOU<\/h3>\n\n\n\n<p class=\"has-text-color has-link-color wp-elements-33349ddb2bb013095d72c90bd0a3beeb\" style=\"color:#f20808\"><strong>Pr\u00e9sident&nbsp;&amp;&nbsp;Fondateur<\/strong><\/p>\n\n\n\n<p>Cardiologue, il se bat depuis aujourd\u2019hui 12 ans corps et \u00e2me pour r\u00e9duire les d\u00e9c\u00e8s par maladies cardiovasculaires (MCV), premi\u00e8re cause de mortalit\u00e9. Raison pour laquelle il d\u00e9cide de mettre sur pieds la Fondation C\u0153ur et Vie (FOCEV).<\/p>\n<\/div><\/div>\n\n\n\n<div class=\"wp-block-media-text is-stacked-on-mobile\"><figure class=\"wp-block-media-text__media\"><img loading=\"lazy\" decoding=\"async\" width=\"1024\" height=\"909\" src=\"https:\/\/www.coeuretvie.org\/wp-content\/uploads\/2024\/02\/image00046-scaled-e1708387156192-1024x909.jpg\" alt=\"\" class=\"wp-image-120 size-large\" srcset=\"https:\/\/www.coeuretvie.org\/wp-content\/uploads\/2024\/02\/image00046-scaled-e1708387156192-1024x909.jpg 1024w, https:\/\/www.coeuretvie.org\/wp-content\/uploads\/2024\/02\/image00046-scaled-e1708387156192-300x266.jpg 300w, https:\/\/www.coeuretvie.org\/wp-content\/uploads\/2024\/02\/image00046-scaled-e1708387156192-768x682.jpg 768w, https:\/\/www.coeuretvie.org\/wp-content\/uploads\/2024\/02\/image00046-scaled-e1708387156192-1536x1363.jpg 1536w, https:\/\/www.coeuretvie.org\/wp-content\/uploads\/2024\/02\/image00046-scaled-e1708387156192-600x532.jpg 600w, https:\/\/www.coeuretvie.org\/wp-content\/uploads\/2024\/02\/image00046-scaled-e1708387156192-1200x1065.jpg 1200w, https:\/\/www.coeuretvie.org\/wp-content\/uploads\/2024\/02\/image00046-scaled-e1708387156192.jpg 1706w\" sizes=\"(max-width: 1024px) 100vw, 1024px\" \/><\/figure><div class=\"wp-block-media-text__content\">\n<h3 class=\"wp-block-heading\">Mathieu TCHOUAMOU<\/h3>\n\n\n\n<p class=\"has-text-color has-link-color wp-elements-9f13f3bae3914220abd29cada56bc622\" style=\"color:#f40b0b\"><strong>Secr\u00e9taire Ex\u00e9cutif<\/strong><\/p>\n\n\n\n<p>Premier b\u00e9n\u00e9vole, il a particip\u00e9 d\u00e8s la cr\u00e9ation de la Fondation \u00e0 son d\u00e9veloppement. A lui seul, il compte pr\u00e8s de 12 ans d\u2019exp\u00e9rience dans tous les activit\u00e9s et r\u00e9alisations de la FOCEV.<\/p>\n<\/div><\/div>\n\n\n\n<div class=\"wp-block-media-text is-stacked-on-mobile\"><figure class=\"wp-block-media-text__media\"><img loading=\"lazy\" decoding=\"async\" width=\"575\" height=\"680\" src=\"https:\/\/www.coeuretvie.org\/wp-content\/uploads\/2024\/02\/Mr-ZINGO.jpg\" alt=\"\" class=\"wp-image-336 size-large\" srcset=\"https:\/\/www.coeuretvie.org\/wp-content\/uploads\/2024\/02\/Mr-ZINGO.jpg 575w, https:\/\/www.coeuretvie.org\/wp-content\/uploads\/2024\/02\/Mr-ZINGO-254x300.jpg 254w\" sizes=\"(max-width: 575px) 100vw, 575px\" \/><\/figure><div class=\"wp-block-media-text__content\">\n<h3 class=\"wp-block-heading\">STANLEY ZINGO<\/h3>\n\n\n\n<p class=\"has-text-color has-link-color wp-elements-c06d160b9e161f95e97e276a5c8e983e\" style=\"color:#f40b0b\"><strong>Responsable de la Communication M\u00e9dia<\/strong><\/p>\n\n\n\n<p>Gr\u00e2ce \u00e0 sa grande exp\u00e9rience dans l&rsquo;environnement m\u00e9dia au Cameroun et sa passion pour la sant\u00e9 pour tous, ce journaliste de formation permet \u00e0 la FOCEV d&rsquo;atteindre le maximum de personnes afin de stopper les maladies cardiovasculaires<\/p>\n<\/div><\/div>\n\n\n\n<div class=\"wp-block-media-text is-stacked-on-mobile\"><figure class=\"wp-block-media-text__media\"><img loading=\"lazy\" decoding=\"async\" width=\"683\" height=\"1024\" src=\"https:\/\/www.coeuretvie.org\/wp-content\/uploads\/2024\/02\/image00060-683x1024.jpg\" alt=\"\" class=\"wp-image-337 size-large\" srcset=\"https:\/\/www.coeuretvie.org\/wp-content\/uploads\/2024\/02\/image00060-683x1024.jpg 683w, https:\/\/www.coeuretvie.org\/wp-content\/uploads\/2024\/02\/image00060-200x300.jpg 200w, https:\/\/www.coeuretvie.org\/wp-content\/uploads\/2024\/02\/image00060-2000x3000.jpg 2000w, https:\/\/www.coeuretvie.org\/wp-content\/uploads\/2024\/02\/image00060-scaled.jpg 1707w\" sizes=\"(max-width: 683px) 100vw, 683px\" \/><\/figure><div class=\"wp-block-media-text__content\">\n<h3 class=\"wp-block-heading\">Dr Etienne FOUEDJIO<\/h3>\n\n\n\n<p class=\"has-text-color has-link-color wp-elements-eab437fa0e84437944b99f2a0fd01b27\" style=\"color:#f40b0b\"><strong>Coordinateur des programmes scientifiques et de la recherche<\/strong><\/p>\n\n\n\n<p>M\u00e9decin G, il a une passion pour la recherche et les programmes scientifiques. La vision de la FOCEV l&rsquo;a s\u00e9duit et depuis quelques ann\u00e9es, le comit\u00e9 scientifique de la FOCEV et lui travaille pour trouver des solutions adapt\u00e9es \u00e0 la pr\u00e9vention et la prise en charge des MCV au Cameroun.<\/p>\n<\/div><\/div>\n\n\n\n<div class=\"wp-block-media-text is-stacked-on-mobile\"><figure class=\"wp-block-media-text__media\"><img loading=\"lazy\" decoding=\"async\" width=\"492\" height=\"981\" src=\"https:\/\/www.coeuretvie.org\/wp-content\/uploads\/2024\/02\/christelle.jpg\" alt=\"\" class=\"wp-image-340 size-large\" srcset=\"https:\/\/www.coeuretvie.org\/wp-content\/uploads\/2024\/02\/christelle.jpg 492w, https:\/\/www.coeuretvie.org\/wp-content\/uploads\/2024\/02\/christelle-150x300.jpg 150w\" sizes=\"(max-width: 492px) 100vw, 492px\" \/><\/figure><div class=\"wp-block-media-text__content\">\n<h3 class=\"wp-block-heading\">YOPA Christelle<\/h3>\n\n\n\n<p class=\"has-text-color has-link-color wp-elements-310e97e9fbb35e2e37a43f6ab8d4269c\" style=\"color:#f40b0b\"><strong>Assistante \u00e0 la<\/strong> <strong>coordination des programmes scientifiques et de la recherche<\/strong><\/p>\n\n\n\n<p>Infirmi\u00e8re, elle a montr\u00e9 \u00e0 travers son intelligence et sa capacit\u00e9 d&rsquo;adaptation, son aisance dans la recherche scientifique. Elle contribue \u00e0 l&rsquo;atteinte des objectifs scientifiques de la FOCEV.<\/p>\n<\/div><\/div>\n<\/div>\n","protected":false},"excerpt":{"rendered":"<p>Dr Armel DJOMOU Pr\u00e9sident&nbsp;&amp;&nbsp;Fondateur Cardiologue, il se bat depuis aujourd\u2019hui 12 ans corps et \u00e2me pour r\u00e9duire les d\u00e9c\u00e8s par maladies cardiovasculaires (MCV), premi\u00e8re cause de mortalit\u00e9. Raison pour laquelle il d\u00e9cide de mettre sur pieds la Fondation C\u0153ur et Vie (FOCEV). Mathieu TCHOUAMOU Secr\u00e9taire Ex\u00e9cutif Premier b\u00e9n\u00e9vole, il a particip\u00e9 d\u00e8s la cr\u00e9ation de &hellip; <\/p>\n<p class=\"link-more\"><a href=\"https:\/\/www.coeuretvie.org\/index.php\/our-team\/\" class=\"more-link\">Lire la suite de<span class=\"screen-reader-text\">\u00ab\u00a0OUR TEAM\u00a0\u00bb<\/span><\/a><\/p>\n","protected":false},"author":1,"featured_media":331,"parent":0,"menu_order":0,"comment_status":"closed","ping_status":"closed","template":"","meta":{"_uag_custom_page_level_css":"","footnotes":""},"uagb_featured_image_src":{"full":["https:\/\/www.coeuretvie.org\/wp-content\/uploads\/2024\/02\/our-team.jpg",650,356,false],"thumbnail":["https:\/\/www.coeuretvie.org\/wp-content\/uploads\/2024\/02\/our-team-150x150.jpg",150,150,true],"medium":["https:\/\/www.coeuretvie.org\/wp-content\/uploads\/2024\/02\/our-team-300x164.jpg",300,164,true],"medium_large":["https:\/\/www.coeuretvie.org\/wp-content\/uploads\/2024\/02\/our-team.jpg",650,356,false],"large":["https:\/\/www.coeuretvie.org\/wp-content\/uploads\/2024\/02\/our-team.jpg",650,356,false],"1536x1536":["https:\/\/www.coeuretvie.org\/wp-content\/uploads\/2024\/02\/our-team.jpg",650,356,false],"2048x2048":["https:\/\/www.coeuretvie.org\/wp-content\/uploads\/2024\/02\/our-team.jpg",650,356,false],"inspiro-featured-image":["https:\/\/www.coeuretvie.org\/wp-content\/uploads\/2024\/02\/our-team.jpg",650,356,false],"inspiro-loop":["https:\/\/www.coeuretvie.org\/wp-content\/uploads\/2024\/02\/our-team-650x320.jpg",650,320,true],"inspiro-loop@2x":["https:\/\/www.coeuretvie.org\/wp-content\/uploads\/2024\/02\/our-team.jpg",650,356,false]},"uagb_author_info":{"display_name":"focev211","author_link":"https:\/\/www.coeuretvie.org\/index.php\/author\/focev211\/"},"uagb_comment_info":0,"uagb_excerpt":"Dr Armel DJOMOU Pr\u00e9sident&nbsp;&amp;&nbsp;Fondateur Cardiologue, il se bat depuis aujourd\u2019hui 12 ans corps et \u00e2me pour r\u00e9duire les d\u00e9c\u00e8s par maladies cardiovasculaires (MCV), premi\u00e8re cause de mortalit\u00e9. Raison pour laquelle il d\u00e9cide de mettre sur pieds la Fondation C\u0153ur et Vie (FOCEV). Mathieu TCHOUAMOU Secr\u00e9taire Ex\u00e9cutif Premier b\u00e9n\u00e9vole, il a particip\u00e9 d\u00e8s la cr\u00e9ation de\u2026","_links":{"self":[{"href":"https:\/\/www.coeuretvie.org\/index.php\/wp-json\/wp\/v2\/pages\/330"}],"collection":[{"href":"https:\/\/www.coeuretvie.org\/index.php\/wp-json\/wp\/v2\/pages"}],"about":[{"href":"https:\/\/www.coeuretvie.org\/index.php\/wp-json\/wp\/v2\/types\/page"}],"author":[{"embeddable":true,"href":"https:\/\/www.coeuretvie.org\/index.php\/wp-json\/wp\/v2\/users\/1"}],"replies":[{"embeddable":true,"href":"https:\/\/www.coeuretvie.org\/index.php\/wp-json\/wp\/v2\/comments?post=330"}],"version-history":[{"count":6,"href":"https:\/\/www.coeuretvie.org\/index.php\/wp-json\/wp\/v2\/pages\/330\/revisions"}],"predecessor-version":[{"id":341,"href":"https:\/\/www.coeuretvie.org\/index.php\/wp-json\/wp\/v2\/pages\/330\/revisions\/341"}],"wp:featuredmedia":[{"embeddable":true,"href":"https:\/\/www.coeuretvie.org\/index.php\/wp-json\/wp\/v2\/media\/331"}],"wp:attachment":[{"href":"https:\/\/www.coeuretvie.org\/index.php\/wp-json\/wp\/v2\/media?parent=330"}],"curies":[{"name":"wp","href":"https:\/\/api.w.org\/{rel}","templated":true}]}}