{"id":353,"date":"2024-09-24T18:23:52","date_gmt":"2024-09-24T17:23:52","guid":{"rendered":"https:\/\/www.coeuretvie.org\/?page_id=353"},"modified":"2025-07-21T13:22:57","modified_gmt":"2025-07-21T12:22:57","slug":"les-coeurs-ensemble","status":"publish","type":"page","link":"https:\/\/www.coeuretvie.org\/index.php\/les-coeurs-ensemble\/","title":{"rendered":"LES MERCREDIS DE L&rsquo;HTA"},"content":{"rendered":"\n<div class=\"wp-block-cover alignfull is-light\" style=\"border-top-left-radius:0px;border-top-right-radius:0px;border-bottom-left-radius:150px;border-bottom-right-radius:150px;min-height:450px\"><span aria-hidden=\"true\" class=\"wp-block-cover__background has-white-background-color has-background-dim-0 has-background-dim\"><\/span><img loading=\"lazy\" decoding=\"async\" width=\"1200\" height=\"904\" class=\"wp-block-cover__image-background wp-image-1175\" alt=\"\" src=\"https:\/\/www.coeuretvie.org\/wp-content\/uploads\/2024\/12\/462374645_843003431317429_1545985489482787251_n.jpg\" data-object-fit=\"cover\" srcset=\"https:\/\/www.coeuretvie.org\/wp-content\/uploads\/2024\/12\/462374645_843003431317429_1545985489482787251_n.jpg 1200w, https:\/\/www.coeuretvie.org\/wp-content\/uploads\/2024\/12\/462374645_843003431317429_1545985489482787251_n-300x226.jpg 300w, https:\/\/www.coeuretvie.org\/wp-content\/uploads\/2024\/12\/462374645_843003431317429_1545985489482787251_n-1024x771.jpg 1024w\" sizes=\"(max-width: 1200px) 100vw, 1200px\" \/><div class=\"wp-block-cover__inner-container is-layout-flow wp-block-cover-is-layout-flow\">\n<p class=\"has-text-align-center has-white-color has-text-color\" style=\"font-size:clamp(37.821px, 2.364rem + ((1vw - 3.2px) * 3.352), 70px);font-style:normal;font-weight:900\">FORMATIONS HTA<\/p>\n<\/div><\/div>\n\n\n\n<div class=\"wp-block-uagb-container uagb-block-a41c295e alignfull uagb-is-root-container\"><div class=\"uagb-container-inner-blocks-wrap\"><\/div><\/div>\n\n\n\n<div class=\"wp-block-uagb-container uagb-block-177d4b98 alignfull uagb-is-root-container\"><div class=\"uagb-container-inner-blocks-wrap\">\n<div class=\"wp-block-uagb-container uagb-block-a16ab038\">\n<p style=\"padding-top:0;padding-right:var(--wp--preset--spacing--x-large);padding-bottom:0;padding-left:var(--wp--preset--spacing--x-large);font-size:clamp(16.834px, 1.052rem + ((1vw - 3.2px) * 0.955), 26px);\"><strong>C&rsquo;est un programme post universitaire qui a pour objectif de former les m\u00e9decins g\u00e9n\u00e9ralistes \u00e0 la prise en charge de l&rsquo;hypertension art\u00e9rielle<\/strong><\/p>\n<\/div>\n\n\n\n<div class=\"wp-block-uagb-container uagb-block-83032af1\">\n<figure class=\"wp-block-image size-full is-resized has-custom-border is-style-default\"><img loading=\"lazy\" decoding=\"async\" width=\"206\" height=\"204\" src=\"https:\/\/www.coeuretvie.org\/wp-content\/uploads\/2024\/12\/452409574_792196329731473_3898615292784737097_n-1.jpg\" alt=\"\" class=\"wp-image-1174\" style=\"border-style:none;border-width:0px;border-radius:0px;width:252px;height:auto\" srcset=\"https:\/\/www.coeuretvie.org\/wp-content\/uploads\/2024\/12\/452409574_792196329731473_3898615292784737097_n-1.jpg 206w, https:\/\/www.coeuretvie.org\/wp-content\/uploads\/2024\/12\/452409574_792196329731473_3898615292784737097_n-1-150x150.jpg 150w\" sizes=\"(max-width: 206px) 100vw, 206px\" \/><\/figure>\n<\/div>\n<\/div><\/div>\n\n\n\n<div class=\"wp-block-uagb-buttons uagb-buttons__outer-wrap uagb-btn__default-btn uagb-btn-tablet__default-btn uagb-btn-mobile__default-btn uagb-block-fca4ede4\"><div class=\"uagb-buttons__wrap uagb-buttons-layout-wrap \">\n<div class=\"wp-block-uagb-buttons-child uagb-buttons__outer-wrap uagb-block-4ef9a090 wp-block-button\"><div class=\"uagb-button__wrapper\"><a class=\"uagb-buttons-repeater wp-block-button__link\" aria-label=\"\" href=\"#\" rel=\"follow noopener\" target=\"_self\" role=\"button\"><div class=\"uagb-button__link\">Click Here<\/div><\/a><\/div><\/div>\n<\/div><\/div>\n\n\n\n<div class=\"wp-block-uagb-container uagb-block-9e674ce0 alignfull uagb-is-root-container\"><div class=\"uagb-container-inner-blocks-wrap\"><\/div><\/div>\n\n\n\n<h1 class=\"wp-block-heading has-text-align-center\">NOS PRECEDENTES SESSIONS DE FORMATION<\/h1>\n\n\n\n<div class=\"wp-block-uagb-container uagb-block-802526fb alignfull uagb-is-root-container\"><div class=\"uagb-container-inner-blocks-wrap\">\n<div class=\"wp-block-uagb-container uagb-block-07bccc41\">\n<div class=\"wp-block-uagb-image aligncenter uagb-block-879caec6 wp-block-uagb-image--layout-overlay wp-block-uagb-image--effect-static wp-block-uagb-image--align-center\"><figure class=\"wp-block-uagb-image__figure\"><img decoding=\"async\" srcset=\"https:\/\/www.coeuretvie.org\/wp-content\/uploads\/2025\/07\/WhatsApp-Image-2025-07-21-at-1.03.54-PM.jpeg ,https:\/\/www.coeuretvie.org\/wp-content\/uploads\/2025\/07\/WhatsApp-Image-2025-07-21-at-1.03.54-PM.jpeg 780w, https:\/\/www.coeuretvie.org\/wp-content\/uploads\/2025\/07\/WhatsApp-Image-2025-07-21-at-1.03.54-PM.jpeg 360w\" sizes=\"(max-width: 480px) 150px\" src=\"https:\/\/www.coeuretvie.org\/wp-content\/uploads\/2025\/07\/WhatsApp-Image-2025-07-21-at-1.03.54-PM.jpeg\" alt=\"\" class=\"uag-image-1448\" width=\"291\" height=\"291\" title=\"WhatsApp-Image-2025-07-21-at-1.03.54-PM\" loading=\"lazy\" role=\"img\"\/><div class=\"wp-block-uagb-image--layout-overlay__color-wrapper\"><\/div><div class=\"wp-block-uagb-image--layout-overlay__inner center-center\"><\/div><\/figure><\/div>\n\n\n\n<div class=\"wp-block-uagb-advanced-heading uagb-block-ab8b409b\"><h2 class=\"uagb-heading-text\"> <a href=\"https:\/\/www.facebook.com\/share\/p\/16mvMkD6LN\/\" data-type=\"link\" data-id=\"https:\/\/www.facebook.com\/share\/p\/16mvMkD6LN\/\">EN SAVOIR PLUS<\/a><\/h2><\/div>\n\n\n\n<div class=\"wp-block-uagb-separator uagb-block-5753e76b\"><div class=\"wp-block-uagb-separator__inner\" style=\"--my-background-image:\"><\/div><\/div>\n<\/div>\n\n\n\n<div class=\"wp-block-uagb-container uagb-block-d890a168\">\n<div class=\"wp-block-uagb-image uagb-block-38508ebe wp-block-uagb-image--layout-overlay wp-block-uagb-image--effect-static wp-block-uagb-image--align-none\"><figure class=\"wp-block-uagb-image__figure\"><img decoding=\"async\" srcset=\"https:\/\/www.coeuretvie.org\/wp-content\/uploads\/2025\/07\/WhatsApp-Image-2025-07-21-at-1.19.25-PM.jpeg ,https:\/\/www.coeuretvie.org\/wp-content\/uploads\/2025\/07\/WhatsApp-Image-2025-07-21-at-1.19.25-PM.jpeg 780w, https:\/\/www.coeuretvie.org\/wp-content\/uploads\/2025\/07\/WhatsApp-Image-2025-07-21-at-1.19.25-PM.jpeg 360w\" sizes=\"(max-width: 480px) 150px\" src=\"https:\/\/www.coeuretvie.org\/wp-content\/uploads\/2025\/07\/WhatsApp-Image-2025-07-21-at-1.19.25-PM.jpeg\" alt=\"\" class=\"uag-image-1455\" width=\"292\" height=\"292\" title=\"WhatsApp-Image-2025-07-21-at-1.19.25-PM\" loading=\"lazy\" role=\"img\"\/><div class=\"wp-block-uagb-image--layout-overlay__color-wrapper\"><\/div><div class=\"wp-block-uagb-image--layout-overlay__inner center-center\"><\/div><\/figure><\/div>\n\n\n\n<div class=\"wp-block-uagb-advanced-heading uagb-block-f128583e\"><h2 class=\"uagb-heading-text\"><a href=\"https:\/\/www.facebook.com\/share\/p\/16nATGXu1w\/\" data-type=\"page\" data-id=\"1378\">EN SAVOIR PLUS<\/a><\/h2><\/div>\n\n\n\n<div class=\"wp-block-uagb-separator uagb-block-97ce3831\"><div class=\"wp-block-uagb-separator__inner\" style=\"--my-background-image:\"><\/div><\/div>\n<\/div>\n\n\n\n<div class=\"wp-block-uagb-container uagb-block-3615b16c\">\n<div class=\"wp-block-uagb-image uagb-block-561a7dad wp-block-uagb-image--layout-overlay wp-block-uagb-image--effect-static wp-block-uagb-image--align-none\"><figure class=\"wp-block-uagb-image__figure\"><img decoding=\"async\" srcset=\"https:\/\/www.coeuretvie.org\/wp-content\/uploads\/2024\/12\/450483832_785436577074115_6397080899297777336_n.jpg ,https:\/\/www.coeuretvie.org\/wp-content\/uploads\/2024\/12\/450483832_785436577074115_6397080899297777336_n.jpg 780w, https:\/\/www.coeuretvie.org\/wp-content\/uploads\/2024\/12\/450483832_785436577074115_6397080899297777336_n.jpg 360w\" sizes=\"(max-width: 480px) 150px\" src=\"https:\/\/www.coeuretvie.org\/wp-content\/uploads\/2024\/12\/450483832_785436577074115_6397080899297777336_n.jpg\" alt=\"\" class=\"uag-image-1183\" width=\"298\" height=\"300\" title=\"450483832_785436577074115_6397080899297777336_n\" loading=\"lazy\" role=\"img\"\/><div class=\"wp-block-uagb-image--layout-overlay__color-wrapper\"><\/div><div class=\"wp-block-uagb-image--layout-overlay__inner center-center\"><\/div><\/figure><\/div>\n\n\n\n<div class=\"wp-block-uagb-advanced-heading uagb-block-af26ae83\"><h2 class=\"uagb-heading-text\"><a href=\"https:\/\/web.facebook.com\/Focev\/posts\/pfbid0p7uAzVAruz39wF3EjJkibteugmyWBpM9fgB9mzHzGeiZgzFVMF456mUCZzyeJXiZl\" data-type=\"link\" data-id=\"https:\/\/web.facebook.com\/Focev\/posts\/pfbid0p7uAzVAruz39wF3EjJkibteugmyWBpM9fgB9mzHzGeiZgzFVMF456mUCZzyeJXiZl\">EN SAVOIR PLUS<\/a><\/h2><\/div>\n\n\n\n<div class=\"wp-block-uagb-separator uagb-block-f5dbbcbc\"><div class=\"wp-block-uagb-separator__inner\" style=\"--my-background-image:\"><\/div><\/div>\n<\/div>\n<\/div><\/div>\n\n\n\n<p><\/p>\n\n\n\n<p><\/p>\n","protected":false},"excerpt":{"rendered":"<p>C&rsquo;est un programme post universitaire qui a pour objectif de former les m\u00e9decins g\u00e9n\u00e9ralistes \u00e0 la prise en charge de l&rsquo;hypertension art\u00e9rielle NOS PRECEDENTES SESSIONS DE FORMATION EN SAVOIR PLUS EN SAVOIR PLUS EN SAVOIR PLUS<\/p>\n","protected":false},"author":1,"featured_media":57,"parent":0,"menu_order":0,"comment_status":"closed","ping_status":"closed","template":"page-templates\/no-title.php","meta":{"_uag_custom_page_level_css":"","footnotes":""},"uagb_featured_image_src":{"full":["https:\/\/www.coeuretvie.org\/wp-content\/uploads\/2024\/02\/310674686_2172936126199198_4143553547537832502_n.jpg",1080,720,false],"thumbnail":["https:\/\/www.coeuretvie.org\/wp-content\/uploads\/2024\/02\/310674686_2172936126199198_4143553547537832502_n-150x150.jpg",150,150,true],"medium":["https:\/\/www.coeuretvie.org\/wp-content\/uploads\/2024\/02\/310674686_2172936126199198_4143553547537832502_n-300x200.jpg",300,200,true],"medium_large":["https:\/\/www.coeuretvie.org\/wp-content\/uploads\/2024\/02\/310674686_2172936126199198_4143553547537832502_n.jpg",768,512,false],"large":["https:\/\/www.coeuretvie.org\/wp-content\/uploads\/2024\/02\/310674686_2172936126199198_4143553547537832502_n-1024x683.jpg",950,634,true],"1536x1536":["https:\/\/www.coeuretvie.org\/wp-content\/uploads\/2024\/02\/310674686_2172936126199198_4143553547537832502_n.jpg",1080,720,false],"2048x2048":["https:\/\/www.coeuretvie.org\/wp-content\/uploads\/2024\/02\/310674686_2172936126199198_4143553547537832502_n.jpg",1080,720,false],"inspiro-featured-image":["https:\/\/www.coeuretvie.org\/wp-content\/uploads\/2024\/02\/310674686_2172936126199198_4143553547537832502_n.jpg",1080,720,false],"inspiro-loop":["https:\/\/www.coeuretvie.org\/wp-content\/uploads\/2024\/02\/310674686_2172936126199198_4143553547537832502_n-950x320.jpg",950,320,true],"inspiro-loop@2x":["https:\/\/www.coeuretvie.org\/wp-content\/uploads\/2024\/02\/310674686_2172936126199198_4143553547537832502_n-1080x640.jpg",1080,640,true]},"uagb_author_info":{"display_name":"focev211","author_link":"https:\/\/www.coeuretvie.org\/index.php\/author\/focev211\/"},"uagb_comment_info":0,"uagb_excerpt":"C&rsquo;est un programme post universitaire qui a pour objectif de former les m\u00e9decins g\u00e9n\u00e9ralistes \u00e0 la prise en charge de l&rsquo;hypertension art\u00e9rielle NOS PRECEDENTES SESSIONS DE FORMATION EN SAVOIR PLUS EN SAVOIR PLUS EN SAVOIR PLUS","_links":{"self":[{"href":"https:\/\/www.coeuretvie.org\/index.php\/wp-json\/wp\/v2\/pages\/353"}],"collection":[{"href":"https:\/\/www.coeuretvie.org\/index.php\/wp-json\/wp\/v2\/pages"}],"about":[{"href":"https:\/\/www.coeuretvie.org\/index.php\/wp-json\/wp\/v2\/types\/page"}],"author":[{"embeddable":true,"href":"https:\/\/www.coeuretvie.org\/index.php\/wp-json\/wp\/v2\/users\/1"}],"replies":[{"embeddable":true,"href":"https:\/\/www.coeuretvie.org\/index.php\/wp-json\/wp\/v2\/comments?post=353"}],"version-history":[{"count":129,"href":"https:\/\/www.coeuretvie.org\/index.php\/wp-json\/wp\/v2\/pages\/353\/revisions"}],"predecessor-version":[{"id":1457,"href":"https:\/\/www.coeuretvie.org\/index.php\/wp-json\/wp\/v2\/pages\/353\/revisions\/1457"}],"wp:featuredmedia":[{"embeddable":true,"href":"https:\/\/www.coeuretvie.org\/index.php\/wp-json\/wp\/v2\/media\/57"}],"wp:attachment":[{"href":"https:\/\/www.coeuretvie.org\/index.php\/wp-json\/wp\/v2\/media?parent=353"}],"curies":[{"name":"wp","href":"https:\/\/api.w.org\/{rel}","templated":true}]}}