{"id":783,"date":"2024-09-30T17:14:14","date_gmt":"2024-09-30T16:14:14","guid":{"rendered":"https:\/\/www.coeuretvie.org\/?page_id=783"},"modified":"2025-01-08T12:57:22","modified_gmt":"2025-01-08T11:57:22","slug":"challenge","status":"publish","type":"page","link":"https:\/\/www.coeuretvie.org\/index.php\/challenge\/","title":{"rendered":"CHALLENGE DU COEUR"},"content":{"rendered":"\n<div class=\"wp-block-uagb-container uagb-block-0932fcae alignfull uagb-is-root-container\"><div class=\"uagb-container__shape uagb-container__shape-bottom uagb-container__shape-above-content uagb-container__invert\" data-negative=\"false\"><svg xmlns=\"https:\/\/www.w3.org\/2000\/svg\" viewBox=\"0 0 937.5 120\" preserveAspectRatio=\"none\"><path class=\"uagb-container__shape-fill\" d=\"M937,129.8V-0.1H0v129.9C0,62.6,209.6,8.2,468.4,8.2S936.9,62.6,937,129.8z\"><\/path><\/svg><\/div><\/div>\n\n\n\n<div class=\"wp-block-group alignfull has-background-background-color has-background has-global-padding is-layout-constrained wp-block-group-is-layout-constrained\" style=\"margin-top:0px;margin-bottom:0px;padding-top:var(--wp--preset--spacing--xx-large);padding-bottom:var(--wp--preset--spacing--xx-large)\">\n<div class=\"wp-block-uagb-container uagb-block-a04dc503 alignfull uagb-is-root-container\"><div class=\"uagb-container-inner-blocks-wrap\">\n<h2 class=\"wp-block-heading\"><\/h2>\n<\/div><\/div>\n<\/div>\n\n\n\n<div class=\"wp-block-uagb-container uagb-layout-grid uagb-block-a1bc03f3 alignwide uagb-is-root-container\"><div class=\"uagb-container__shape uagb-container__shape-bottom uagb-container__invert\" data-negative=\"false\"><svg xmlns=\"https:\/\/www.w3.org\/2000\/svg\" viewBox=\"0 0 1000 100\" preserveAspectRatio=\"none\"><path class=\"uagb-container__shape-fill\" opacity=\"0.33\" d=\"M473,67.3c-203.9,88.3-263.1-34-320.3,0C66,119.1,0,59.7,0,59.7V0h1000v59.7 c0,0-62.1,26.1-94.9,29.3c-32.8,3.3-62.8-12.3-75.8-22.1C806,49.6,745.3,8.7,694.9,4.7S492.4,59,473,67.3z\"><\/path><path class=\"uagb-container__shape-fill\" opacity=\"0.66\" d=\"M734,67.3c-45.5,0-77.2-23.2-129.1-39.1c-28.6-8.7-150.3-10.1-254,39.1 s-91.7-34.4-149.2,0C115.7,118.3,0,39.8,0,39.8V0h1000v36.5c0,0-28.2-18.5-92.1-18.5C810.2,18.1,775.7,67.3,734,67.3z\"><\/path><path class=\"uagb-container__shape-fill\" d=\"M766.1,28.9c-200-57.5-266,65.5-395.1,19.5C242,1.8,242,5.4,184.8,20.6C128,35.8,132.3,44.9,89.9,52.5C28.6,63.7,0,0,0,0 h1000c0,0-9.9,40.9-83.6,48.1S829.6,47,766.1,28.9z\"><\/path><\/svg><\/div>\n<h2 class=\"wp-block-heading has-text-align-left has-text-color has-link-color wp-elements-278dfbf800616b1d425fb3150d51cde7\" style=\"color:#bc0b4b;padding-right:var(--wp--preset--spacing--x-large);padding-left:var(--wp--preset--spacing--x-large)\">LE CHALLENGE DU COEUR<\/h2>\n\n\n\n<div class=\"wp-block-uagb-separator uagb-block-9e447539\"><div class=\"uagb-separator-spacing-wrapper\"><div class=\"wp-block-uagb-separator__inner\" style=\"--my-background-image:\"><\/div><\/div><\/div>\n\n\n\n<p style=\"padding-right:var(--wp--preset--spacing--x-large);padding-left:var(--wp--preset--spacing--x-large)\"><strong>La Fondation C\u0153ur et Vie vous convie \u00e0 prendre part au Challenge du c\u0153ur<\/strong>, <br>une initiative qu&rsquo;elle met en place pour lutter contre les maladies cardiovasculaires.<br>Votre participation peut faire la diff\u00e9rence et contribuer \u00e0 sensibiliser sur ces enjeux de sant\u00e9 cruciaux.<br><br>Rejoignez-nous dans cette aventure solidaire et engagez-vous pour un avenir sans maladies cardiaques.<br><strong>Le mois de Septembre, on parle du c\u0153ur et des maladies cardiovasculaires.<\/strong><br><br>A cet effet la Fondation C\u0153ur et Vie organise un challenge du c\u0153ur nomm\u00e9 <br><strong>\u00ab\u00a0J&rsquo;utilise mon c\u0153ur pour agir contre les maladies Cardiovasculaires\u00a0\u00bb.<br>Participez avec nous a ce challenge :<\/strong><br>1. Engagez-vous \u00e0 partagez votre vid\u00e9o ou photo sur les r\u00e9seaux sociaux avec le filtre Snapchat.<br>2. Inspirez les autres et encouragez votre famille, vos amis et vos coll\u00e8gues \u00e0 vous rejoindre <br>dans le challenge et comparez vos sensations !<br><br>Pour chaque ann\u00e9e, nous communiquons sur nos r\u00e9seaux sociaux et sur ce site internet le th\u00e8me et sujet du challenge donn\u00e9 par l&rsquo;OMS.<br>Surveillez donc nos comptes <strong><span style=\"text-decoration: underline;\"><a href=\"https:\/\/web.facebook.com\/Focev\"><mark style=\"background-color:rgba(0, 0, 0, 0);color:#bc0b4b\" class=\"has-inline-color\">Facebook<\/mark><\/a><\/span><\/strong>, <strong><span style=\"text-decoration: underline;\"><a href=\"https:\/\/www.linkedin.com\/company\/coeur-et-vie-fondation\/posts\/?feedView=all\"><mark style=\"background-color:rgba(0, 0, 0, 0);color:#bc0b4b\" class=\"has-inline-color\">LinkedIn<\/mark><\/a><\/span><\/strong>, <strong><span style=\"text-decoration: underline;\"><a href=\"https:\/\/www.youtube.com\/@fondationcoeuretvie8157\"><mark style=\"background-color:rgba(0, 0, 0, 0);color:#bc0b4b\" class=\"has-inline-color\">YouTube<\/mark><\/a><\/span><\/strong> et <strong><span style=\"text-decoration: underline;\"><mark style=\"background-color:rgba(0, 0, 0, 0);color:#bc0b4b\" class=\"has-inline-color\">Instagram<\/mark><\/span><\/strong><\/p>\n<\/div>\n\n\n\n<div class=\"wp-block-uagb-container uagb-block-98e24818 alignfull uagb-is-root-container\"><div class=\"uagb-container-inner-blocks-wrap\">\n<h1 class=\"wp-block-heading has-text-align-center has-text-color has-link-color wp-elements-a779a3482350d6400471c4344a354ef4\" style=\"color:#bc0b4b\">NOTRE GALLERIE<\/h1>\n\n\n\n<div class=\"wp-block-uagb-separator uagb-block-26bab9ce wp-block-uagb-separator--icon\"><div class=\"uagb-separator-spacing-wrapper\"><div class=\"wp-block-uagb-separator__inner\" style=\"--my-background-image:\"><div class=\"wp-block-uagb-separator-element\"><svg xmlns=\"https:\/\/www.w3.org\/2000\/svg\" viewBox=\"0 0 512 512\"><path d=\"M194.6 32H317.4C338.1 32 356.4 45.22 362.9 64.82L373.3 96H448C483.3 96 512 124.7 512 160V416C512 451.3 483.3 480 448 480H64C28.65 480 0 451.3 0 416V160C0 124.7 28.65 96 64 96H138.7L149.1 64.82C155.6 45.22 173.9 32 194.6 32H194.6zM256 384C309 384 352 341 352 288C352 234.1 309 192 256 192C202.1 192 160 234.1 160 288C160 341 202.1 384 256 384z\"><\/path><\/svg><\/div><\/div><\/div><\/div>\n<\/div><\/div>\n\n\n\n<div class=\"wp-block-uagb-container uagb-block-e5f8453a alignfull uagb-is-root-container\"><div class=\"uagb-container-inner-blocks-wrap\">\n<h2 class=\"wp-block-heading\"><\/h2>\n<\/div><\/div>\n\n\n\n<div class=\"wp-block-uagb-container uagb-block-75db00de alignfull uagb-is-root-container\"><div class=\"uagb-container-inner-blocks-wrap\">\n<div class=\"wp-block-uagb-container uagb-block-2164a33d\">\n<div class=\"wp-block-uagb-info-box uagb-block-feb28778 uagb-infobox__content-wrap  uagb-infobox-icon-above-title uagb-infobox-image-valign-top\"><div class=\"uagb-ifb-content\"><div class=\"uagb-ifb-image-content\"><img decoding=\"async\" src=\"https:\/\/www.coeuretvie.org\/wp-content\/uploads\/2024\/09\/174-300x251.jpg\" alt=\"\" width=\"\" height=\"0\" loading=\"lazy\"\/><\/div><div class=\"uagb-ifb-title-wrap\"><h3 class=\"uagb-ifb-title\">Photo<\/h3><\/div><p class=\"uagb-ifb-desc\">Vous trouverez toutes les photos <br>et visuels du challenge du c\u0153ur<\/p><div class=\"uagb-ifb-button-wrapper wp-block-button\"><a href=\"https:\/\/web.facebook.com\/media\/set\/?set=a.839708068313632&amp;type=3\" target=\"_blank\" onclick=\"return true;\" class=\"uagb-infobox-cta-link\" rel=\"noopener noreferrer\"><span class=\"uagb-inline-editing\">Voir Plus<\/span><svg xmlns=\"https:\/\/www.w3.org\/2000\/svg\" viewBox=\"0 0 512 512\"><path d=\"M502.6 278.6l-128 128c-12.51 12.51-32.76 12.49-45.25 0c-12.5-12.5-12.5-32.75 0-45.25L402.8 288H32C14.31 288 0 273.7 0 255.1S14.31 224 32 224h370.8l-73.38-73.38c-12.5-12.5-12.5-32.75 0-45.25s32.75-12.5 45.25 0l128 128C515.1 245.9 515.1 266.1 502.6 278.6z\"><\/path><\/svg><\/a><\/div><\/div><\/div>\n<\/div>\n\n\n\n<div class=\"wp-block-uagb-container uagb-block-a3f9bb2b\">\n<div class=\"wp-block-uagb-info-box uagb-block-70de7060 uagb-infobox__content-wrap  uagb-infobox-icon-above-title uagb-infobox-image-valign-top\"><div class=\"uagb-ifb-content\"><div class=\"uagb-ifb-image-content\"><img decoding=\"async\" src=\"https:\/\/www.coeuretvie.org\/wp-content\/uploads\/2024\/09\/25-1-300x251.jpg\" alt=\"\" width=\"\" height=\"0\" loading=\"lazy\"\/><\/div><div class=\"uagb-ifb-title-wrap\"><h3 class=\"uagb-ifb-title\">Vid\u00e9o<\/h3><\/div><p class=\"uagb-ifb-desc\">Vous trouverez toutes les vid\u00e9os <br>du challenge du c\u0153ur<\/p><div class=\"uagb-ifb-button-wrapper wp-block-button\"><a href=\"https:\/\/web.facebook.com\/media\/set\/?set=a.839753834975722&amp;type=3\" target=\"_blank\" onclick=\"return true;\" class=\"uagb-infobox-cta-link\" rel=\"noopener noreferrer\"><span class=\"uagb-inline-editing\">Voir Plus<\/span><svg xmlns=\"https:\/\/www.w3.org\/2000\/svg\" viewBox=\"0 0 512 512\"><path d=\"M504.3 273.6l-112.1 104c-6.992 6.484-17.18 8.218-25.94 4.406c-8.758-3.812-14.42-12.45-14.42-21.1L351.9 288H32C14.33 288 .0002 273.7 .0002 255.1S14.33 224 32 224h319.9l0-72c0-9.547 5.66-18.19 14.42-22c8.754-3.809 18.95-2.075 25.94 4.41l112.1 104C514.6 247.9 514.6 264.1 504.3 273.6z\"><\/path><\/svg><\/a><\/div><\/div><\/div>\n<\/div>\n<\/div><\/div>\n\n\n\n<div class=\"wp-block-uagb-container uagb-block-cb14a29e alignfull uagb-is-root-container\"><div class=\"uagb-container-inner-blocks-wrap\">\n<h2 class=\"wp-block-heading\"><\/h2>\n<\/div><\/div>\n\n\n\n<div class=\"wp-block-uagb-container uagb-block-df879cdb alignfull uagb-is-root-container\"><div class=\"uagb-container-inner-blocks-wrap\">\n<h2 class=\"wp-block-heading\"><\/h2>\n<\/div><\/div>\n\n\n\n<div class=\"wp-block-uagb-container uagb-block-110bca1d alignfull uagb-is-root-container\"><div class=\"uagb-container-inner-blocks-wrap\">\n<h2 class=\"wp-block-heading\"><\/h2>\n<\/div><\/div>\n","protected":false},"excerpt":{"rendered":"<p>LE CHALLENGE DU COEUR La Fondation C\u0153ur et Vie vous convie \u00e0 prendre part au Challenge du c\u0153ur, une initiative qu&rsquo;elle met en place pour lutter contre les maladies cardiovasculaires.Votre participation peut faire la diff\u00e9rence et contribuer \u00e0 sensibiliser sur ces enjeux de sant\u00e9 cruciaux. Rejoignez-nous dans cette aventure solidaire et engagez-vous pour un avenir &hellip; <\/p>\n<p class=\"link-more\"><a href=\"https:\/\/www.coeuretvie.org\/index.php\/challenge\/\" class=\"more-link\">Lire la suite de<span class=\"screen-reader-text\">\u00ab\u00a0CHALLENGE DU COEUR\u00a0\u00bb<\/span><\/a><\/p>\n","protected":false},"author":1,"featured_media":791,"parent":0,"menu_order":0,"comment_status":"closed","ping_status":"closed","template":"","meta":{"_uag_custom_page_level_css":"","footnotes":""},"uagb_featured_image_src":{"full":["https:\/\/www.coeuretvie.org\/wp-content\/uploads\/2024\/10\/running-challenge-template-Fait-avec-PosterMyWall-4.jpg",1080,1080,false],"thumbnail":["https:\/\/www.coeuretvie.org\/wp-content\/uploads\/2024\/10\/running-challenge-template-Fait-avec-PosterMyWall-4-150x150.jpg",150,150,true],"medium":["https:\/\/www.coeuretvie.org\/wp-content\/uploads\/2024\/10\/running-challenge-template-Fait-avec-PosterMyWall-4-300x300.jpg",300,300,true],"medium_large":["https:\/\/www.coeuretvie.org\/wp-content\/uploads\/2024\/10\/running-challenge-template-Fait-avec-PosterMyWall-4.jpg",768,768,false],"large":["https:\/\/www.coeuretvie.org\/wp-content\/uploads\/2024\/10\/running-challenge-template-Fait-avec-PosterMyWall-4-1024x1024.jpg",950,950,true],"1536x1536":["https:\/\/www.coeuretvie.org\/wp-content\/uploads\/2024\/10\/running-challenge-template-Fait-avec-PosterMyWall-4.jpg",1080,1080,false],"2048x2048":["https:\/\/www.coeuretvie.org\/wp-content\/uploads\/2024\/10\/running-challenge-template-Fait-avec-PosterMyWall-4.jpg",1080,1080,false],"inspiro-featured-image":["https:\/\/www.coeuretvie.org\/wp-content\/uploads\/2024\/10\/running-challenge-template-Fait-avec-PosterMyWall-4.jpg",1080,1080,false],"inspiro-loop":["https:\/\/www.coeuretvie.org\/wp-content\/uploads\/2024\/10\/running-challenge-template-Fait-avec-PosterMyWall-4-950x320.jpg",950,320,true],"inspiro-loop@2x":["https:\/\/www.coeuretvie.org\/wp-content\/uploads\/2024\/10\/running-challenge-template-Fait-avec-PosterMyWall-4-1080x640.jpg",1080,640,true]},"uagb_author_info":{"display_name":"focev211","author_link":"https:\/\/www.coeuretvie.org\/index.php\/author\/focev211\/"},"uagb_comment_info":0,"uagb_excerpt":"LE CHALLENGE DU COEUR La Fondation C\u0153ur et Vie vous convie \u00e0 prendre part au Challenge du c\u0153ur, une initiative qu&rsquo;elle met en place pour lutter contre les maladies cardiovasculaires.Votre participation peut faire la diff\u00e9rence et contribuer \u00e0 sensibiliser sur ces enjeux de sant\u00e9 cruciaux. Rejoignez-nous dans cette aventure solidaire et engagez-vous pour un avenir\u2026","_links":{"self":[{"href":"https:\/\/www.coeuretvie.org\/index.php\/wp-json\/wp\/v2\/pages\/783"}],"collection":[{"href":"https:\/\/www.coeuretvie.org\/index.php\/wp-json\/wp\/v2\/pages"}],"about":[{"href":"https:\/\/www.coeuretvie.org\/index.php\/wp-json\/wp\/v2\/types\/page"}],"author":[{"embeddable":true,"href":"https:\/\/www.coeuretvie.org\/index.php\/wp-json\/wp\/v2\/users\/1"}],"replies":[{"embeddable":true,"href":"https:\/\/www.coeuretvie.org\/index.php\/wp-json\/wp\/v2\/comments?post=783"}],"version-history":[{"count":62,"href":"https:\/\/www.coeuretvie.org\/index.php\/wp-json\/wp\/v2\/pages\/783\/revisions"}],"predecessor-version":[{"id":1202,"href":"https:\/\/www.coeuretvie.org\/index.php\/wp-json\/wp\/v2\/pages\/783\/revisions\/1202"}],"wp:featuredmedia":[{"embeddable":true,"href":"https:\/\/www.coeuretvie.org\/index.php\/wp-json\/wp\/v2\/media\/791"}],"wp:attachment":[{"href":"https:\/\/www.coeuretvie.org\/index.php\/wp-json\/wp\/v2\/media?parent=783"}],"curies":[{"name":"wp","href":"https:\/\/api.w.org\/{rel}","templated":true}]}}